{"id":2590,"date":"2021-06-07T19:46:46","date_gmt":"2021-06-07T17:46:46","guid":{"rendered":"https:\/\/www.wingtsun-escrima.be\/?page_id=2590"},"modified":"2026-02-04T22:01:50","modified_gmt":"2026-02-04T21:01:50","slug":"philipperoussel","status":"publish","type":"page","link":"https:\/\/www.wingtsun-escrima.be\/de\/philipperoussel\/","title":{"rendered":"K\u00f6lner Schule"},"content":{"rendered":"<div class=\"fusion-fullwidth fullwidth-box fusion-builder-row-1 nonhundred-percent-fullwidth non-hundred-percent-height-scrolling\" style=\"background-color: rgba(255,255,255,0);background-position: center center;background-repeat: no-repeat;padding-top:0px;padding-right:0px;padding-bottom:0px;padding-left:0px;margin-bottom: 0px;margin-top: 0px;border-width: 0px 0px 0px 0px;border-color:#e7e4e2;border-style:solid;\" ><div class=\"fusion-builder-row fusion-row\"><div class=\"fusion-layout-column fusion_builder_column fusion-builder-column-0 fusion_builder_column_1_1 1_1 fusion-one-full fusion-column-first fusion-column-last fusion-animated\" style=\"margin-top:10px;margin-bottom:10px;\" data-animationType=\"fadeInLeft\" data-animationDuration=\"1.0\" data-animationOffset=\"100%\"><div class=\"fusion-column-wrapper fusion-flex-column-wrapper-legacy\" style=\"background-position:left top;background-repeat:no-repeat;-webkit-background-size:cover;-moz-background-size:cover;-o-background-size:cover;background-size:cover;padding: 0px 0px 0px 0px;\"><div class=\"fusion-text fusion-text-1\"><h1>Kampfkunst und Gesundheit<\/h1>\n<p>Lerne <strong>WingTsun<\/strong> und <strong>Escrima<\/strong>, um in Sicherheit zu leben. Profitiere dabei von unserem ganzheitlichen Gesundheits- und Fitnesskonzept.<\/p>\n<p>Du lernst Dich effektiv zu verteidigen und bleibst beachtest dabei juristische Aspekte. Mit WingTsun und Escrima, zwei einfachen und h\u00f6chstwirksamen Kampfk\u00fcnsten, wirst Du Dir der Realit\u00e4t des Stra\u00dfenkampfes und der Kampfpsychologie bewusst und lernst mit kommunikativen Mitteln eine Konfliktsituation zu entsch\u00e4rfen. So kannst pr\u00e4ventiv reagieren und bist bereit f\u00fcr den Ernstfall.<\/p>\n<h2>Was ist WingTsun?<\/h2>\n<p>Im Mittelpunkt steht eine einmalige und facettenreiche Technik, die nur durch konzentriertes \u00dcben und bewusstes Sich-Einlassen erlernt werden kann. Flie\u00dfende Bewegungen und pl\u00f6tzliche Schnelligkeit gehen in einem systematischen und koordinierten Bewegungsablauf ineinander \u00fcber: Sie verschmelzen zu einer neuen und kraftvollen Einheit. Das systematische Erlernen von WingTsun steigert die k\u00f6rperliche und geistige Flexibilit\u00e4t und f\u00f6rdert die Wahrnehmungsf\u00e4higkeit. Den Weg dahin erg\u00e4nzen gezielte Entspannungs- und Konzentrationstechniken sowie Atem\u00fcbungen, die den K\u00f6rper wieder \u201eauftanken\u201c.<\/p>\n<p>WingTsun baut auf dem vorhandenen Potential der Sch\u00fcler auf. Nicht Muskelkraft und Kondition sind die Voraussetzungen f\u00fcr WingTsun, sondern die Bereitschaft, sich auf seinen K\u00f6rper einzulassen, seine St\u00e4rken kennenzulernen und zu nutzen. Das Erlernen eines koordinierten und gesunden Bewegungsablaufs sowie eine gesch\u00e4rfte Wahrnehmung spielen eine zentrale Rolle.<\/p>\n<p>Wer WingTsun lernt, entwickelt ein neues K\u00f6rperverst\u00e4ndnis und ein neues Selbstbewusstsein. Durch intensives Training erhalten die Sch\u00fcler mehr Sicherheit, sie werden sich ihres Selbst und ihrer M\u00f6glichkeiten bewusst.<\/p>\n<p>Allein dieses neu erarbeitete Selbstbewusstsein und das k\u00f6rperliche Bei-sich-Sein f\u00fchrt zu einem neuen Lebensgef\u00fchl. Pers\u00f6nliche Einschr\u00e4nkungen spielen im Alltag keine gro\u00dfe Rolle mehr. Das Leben ist vielseitiger und lebendiger. WingTsunler verlassen die \u201eOpferrolle\u201c und kommen schon deshalb seltener in gef\u00e4hrliche Situationen.<\/p>\n<p>Und wenn es doch dazu kommt, verf\u00fcgen sie \u00fcber eine effektive, waffenlose Technik. WingTsun ist konsequente Selbstverteidigung. WingTsun nimmt die Kraft des Angreifers auf, lenkt sie in seine eigene Kraft um, verst\u00e4rkt sie und richtet sie gezielt gegen den Angreifer.<\/p>\n<p>Dieser Ablauf gleicht dem Schachspiel. Der Schachspieler ist eins mit seinen Figuren und kennt instinktiv seinen n\u00e4chsten Zug, weil er das Handeln seines Gegen\u00fcbers im Vorfeld durchdacht hat. So auch der WingTsunler: In Aktion setzt er seine Bewegungen unmittelbar ein.<\/p>\n<h2>Was ist Newman Escrima?<\/h2>\n<p>Newman Escrima ist ein dynamisches und logisches Selbstverteidigungssystem, das sich grunds\u00e4tzlich an dem orientiert, was in einer Gefahrensituation waffenlos, aber auch mit Hieb- und Stichwaffen funktioniert (Messer, Stock, Langstock, Machete, Schwert, Dolch, Alltagsgegenst\u00e4nde, \u2026). Diese Kampfkunst, deren zentrales Prinzip die Bewegungs\u00f6konomie ist, sieht von akrobatischen Bewegungen ab. Tats\u00e4chlich sind die einfachsten Systeme auch die effektivsten.<\/p>\n<\/div><div class=\"fusion-clearfix\"><\/div><\/div><\/div><div class=\"fusion-layout-column fusion_builder_column fusion-builder-column-1 fusion_builder_column_2_3 2_3 fusion-two-third fusion-column-first fusion-animated\" style=\"width:66.666666666667%;width:calc(66.666666666667% - ( ( 4% ) * 0.66666666666667 ) );margin-right: 4%;margin-top:10px;margin-bottom:10px;\" data-animationType=\"fadeInLeft\" data-animationDuration=\"1.0\" data-animationOffset=\"100%\"><div class=\"fusion-column-wrapper fusion-flex-column-wrapper-legacy\" style=\"background-position:left top;background-repeat:no-repeat;-webkit-background-size:cover;-moz-background-size:cover;-o-background-size:cover;background-size:cover;padding: 0px 0px 0px 0px;\"><div class=\"fusion-text fusion-text-2\"><div class=\"fusion-fa-align-left\"><i class=\"fb-icon-element-1 fb-icon-element fontawesome-icon fa-angle-double-right fas circle-no\" style=\"font-size:25px;margin-right:12.5px;\"><\/i><\/div><style>i.fb-icon-element.fontawesome-icon.fb-icon-element-1{ color: #434343;}i.fb-icon-element.fontawesome-icon.fb-icon-element-1:hover { color: #434343;}<\/style>\n<h2 style=\"font-size: 20px;\">Kontakt<\/h2>\n<p>SiHing Philippe Roussel<\/p>\n<p><a href=\"tel:+491786592702\">+49 178 65 92 702<\/a><br \/>\n<a href=\"mailto:philippe.r@wingtsun-escrima.be\">philippe.r@wingtsun-escrima.be<\/a><br \/>\n<a href=\"http:\/\/m.me\/wingtsun.escrima.roussel\" target=\"_blank\" rel=\"noopener noreferrer\">m.me\/wingtsun.escrima.roussel<\/a><strong>\u00a0(Messenger)<\/strong><br \/>\n<a href=\"https:\/\/wa.me\/491786592702?text=Bonjour%20SiHing%20Philippe\" target=\"_blank\" rel=\"noopener noreferrer\">wa.me\/491786592702<\/a><strong>\u00a0(WhatsApp)<\/strong><\/p>\n<\/div><div class=\"fusion-text fusion-text-3\"><p><i class=\"fb-icon-element-2 fb-icon-element fontawesome-icon fa-facebook fab circle-no fusion-text-flow\" style=\"font-size:25px;margin-right:12.5px;\"><\/i><style>i.fb-icon-element.fontawesome-icon.fb-icon-element-2{ color: #29487D;}i.fb-icon-element.fontawesome-icon.fb-icon-element-2:hover { color: #29487D;}<\/style> <a style=\"color: #434343;\" href=\"https:\/\/www.facebook.com\/wingtsun.escrima.roussel\" target=\"_blank\" rel=\"noopener noreferrer\"><strong>Follow us on Facebook<\/strong><\/a><\/p>\n<p><i class=\"fb-icon-element-3 fb-icon-element fontawesome-icon fa fa-instagram circle-no fusion-text-flow\" style=\"font-size:25px;margin-right:12.5px;\"><\/i><style>i.fb-icon-element.fontawesome-icon.fb-icon-element-3{ color: #FF573D;}i.fb-icon-element.fontawesome-icon.fb-icon-element-3:hover { color: #FF573D;}<\/style> <a style=\"color: #434343;\" href=\"https:\/\/www.instagram.com\/wingtsun.escrima.roussel\" target=\"_blank\" rel=\"noopener noreferrer\"><strong>Follow us on Instagram<\/strong><\/a><\/p>\n<\/div><div class=\"fusion-clearfix\"><\/div><\/div><\/div><div class=\"fusion-layout-column fusion_builder_column fusion-builder-column-2 fusion_builder_column_1_3 1_3 fusion-one-third fusion-column-last fusion-animated\" style=\"width:33.333333333333%;width:calc(33.333333333333% - ( ( 4% ) * 0.33333333333333 ) );margin-top:10px;margin-bottom:10px;\" data-animationType=\"fadeInRight\" data-animationDuration=\"1.0\" data-animationOffset=\"100%\"><div class=\"fusion-column-wrapper fusion-flex-column-wrapper-legacy\" style=\"background-position:left top;background-repeat:no-repeat;-webkit-background-size:cover;-moz-background-size:cover;-o-background-size:cover;background-size:cover;padding: 0px 0px 0px 0px;\"><span class=\" fusion-imageframe imageframe-none imageframe-1 hover-type-none\" style=\"border:4px solid #b7b7b7;\"><img decoding=\"async\" width=\"500\" height=\"500\" title=\"SiHing Philippe\" src=\"https:\/\/www.wingtsun-escrima.be\/site\/wp-content\/uploads\/2021\/08\/5D3-210608-9988.jpg\" class=\"img-responsive wp-image-2605\" srcset=\"https:\/\/www.wingtsun-escrima.be\/site\/wp-content\/uploads\/2021\/08\/5D3-210608-9988-200x200.jpg 200w, https:\/\/www.wingtsun-escrima.be\/site\/wp-content\/uploads\/2021\/08\/5D3-210608-9988-400x400.jpg 400w, https:\/\/www.wingtsun-escrima.be\/site\/wp-content\/uploads\/2021\/08\/5D3-210608-9988.jpg 500w\" sizes=\"(max-width: 1000px) 100vw, 500px\" \/><\/span><div class=\"fusion-clearfix\"><\/div><\/div><\/div><div class=\"fusion-layout-column fusion_builder_column fusion-builder-column-3 fusion_builder_column_1_1 1_1 fusion-one-full fusion-column-first fusion-column-last fusion-animated\" style=\"margin-top:10px;margin-bottom:10px;\" data-animationType=\"fadeInLeft\" data-animationDuration=\"1.0\" data-animationOffset=\"100%\"><div class=\"fusion-column-wrapper fusion-flex-column-wrapper-legacy\" style=\"background-position:left top;background-repeat:no-repeat;-webkit-background-size:cover;-moz-background-size:cover;-o-background-size:cover;background-size:cover;padding: 0px 0px 0px 0px;\"><div class=\"fusion-sep-clear\"><\/div><div class=\"fusion-separator fusion-full-width-sep\" style=\"margin-left: auto;margin-right: auto;margin-top:20px;margin-bottom:20px;width:100%;\"><\/div><div class=\"fusion-sep-clear\"><\/div><div class=\"fusion-text fusion-text-4\"><div class=\"fusion-fa-align-left\"><i class=\"fb-icon-element-4 fb-icon-element fontawesome-icon fa-angle-double-right fas circle-no\" style=\"font-size:25px;margin-right:12.5px;\"><\/i><\/div><style>i.fb-icon-element.fontawesome-icon.fb-icon-element-4{ color: #434343;}i.fb-icon-element.fontawesome-icon.fb-icon-element-4:hover { color: #434343;}<\/style>\n<h2 style=\"font-size: 20px;\">[K\u00d6LN] Kampfkunst f\u00fcr Erwachsene (ab 16)<\/h2>\n<\/div><div class=\"fusion-text fusion-text-5\"><p><strong>&gt; Montags:<\/strong><\/p>\n<p>WingTsun <strong>von 17.45 Uhr bis 19.15 Uhr<\/strong> in der <a href=\"https:\/\/www.google.com\/maps\/place\/Wilhelm-Mauser-Stra%C3%9Fe+53,+50827+K%C3%B6ln\/@50.9559006,6.8894436,17z\/data=!3m1!4b1!4m5!3m4!1s0x47bf3ab5859890af:0xfc55b5cad77edfad!8m2!3d50.9559006!4d6.8916323\" target=\"_blank\" rel=\"noopener\">Wilhelm-Mauser-Stra\u00dfe 53 50827 K\u00f6ln<\/a><\/p>\n<p>WingTsun <strong>von 19.15 Uhr bis 20.45 Uhr<\/strong> in der <a href=\"https:\/\/www.google.com\/maps\/place\/Wilhelm-Mauser-Stra%C3%9Fe+53,+50827+K%C3%B6ln\/@50.9559006,6.8894436,17z\/data=!3m1!4b1!4m5!3m4!1s0x47bf3ab5859890af:0xfc55b5cad77edfad!8m2!3d50.9559006!4d6.8916323\" target=\"_blank\" rel=\"noopener\">Wilhelm-Mauser-Stra\u00dfe 53 50827 K\u00f6ln<\/a><\/p>\n<p style=\"text-align: left;\">Newman-Escrima <strong>von 20.45 Uhr bis 22.15 Uhr<\/strong> in der <a href=\"https:\/\/www.google.com\/maps\/place\/Wilhelm-Mauser-Stra%C3%9Fe+53,+50827+K%C3%B6ln\/@50.9559006,6.8894436,17z\/data=!3m1!4b1!4m5!3m4!1s0x47bf3ab5859890af:0xfc55b5cad77edfad!8m2!3d50.9559006!4d6.8916323\" target=\"_blank\" rel=\"noopener\">Wilhelm-Mauser-Stra\u00dfe 53 50827 K\u00f6ln<\/a><\/p>\n<p><strong>&gt; Donnerstags:<\/strong><\/p>\n<p>WingTsun <strong>von 06.30 Uhr bis 8.00 Uhr<\/strong> in der <a href=\"https:\/\/www.google.com\/maps\/place\/Wilhelm-Mauser-Stra%C3%9Fe+53,+50827+K%C3%B6ln\/@50.9559006,6.8894436,17z\/data=!3m1!4b1!4m5!3m4!1s0x47bf3ab5859890af:0xfc55b5cad77edfad!8m2!3d50.9559006!4d6.8916323\" target=\"_blank\" rel=\"noopener\">Wilhelm-Mauser-Stra\u00dfe 53 50827 K\u00f6ln<\/a><\/p>\n<p><strong>&gt; <\/strong><strong>Privattraining auf Anfrage<\/strong><\/p>\n<p><strong>&gt; Zus\u00e4tzlich werden mehrst\u00fcndige Themen-Lehrg\u00e4nge in regelm\u00e4\u00dfigen Abst\u00e4nden angeboten.<\/strong><\/p>\n<\/div><div class=\"fusion-clearfix\"><\/div><\/div><\/div><\/div><\/div>\n","protected":false},"excerpt":{"rendered":"","protected":false},"author":3,"featured_media":0,"parent":0,"menu_order":0,"comment_status":"closed","ping_status":"closed","template":"","meta":{"footnotes":""},"class_list":["post-2590","page","type-page","status-publish","hentry"],"yoast_head":"<!-- This site is optimized with the Yoast SEO plugin v26.5 - https:\/\/yoast.com\/wordpress\/plugins\/seo\/ -->\n<title>WingTsun und Escrima &gt; Kampfkunst und Gesundheit<\/title>\n<meta name=\"description\" content=\"Lerne WingTsun und Escrima, um in Sicherheit zu leben. Profitiere dabei von unserem ganzheitlichen Gesundheits- und Fitnesskonzept.\" \/>\n<meta name=\"robots\" content=\"index, follow, max-snippet:-1, max-image-preview:large, max-video-preview:-1\" \/>\n<link rel=\"canonical\" href=\"https:\/\/www.wingtsun-escrima.be\/de\/philipperoussel\/\" \/>\n<meta property=\"og:locale\" content=\"de_DE\" \/>\n<meta property=\"og:type\" content=\"article\" \/>\n<meta property=\"og:title\" content=\"WingTsun und Escrima &gt; Kampfkunst und Gesundheit\" \/>\n<meta property=\"og:description\" content=\"Lerne WingTsun und Escrima, um in Sicherheit zu leben. Profitiere dabei von unserem ganzheitlichen Gesundheits- und Fitnesskonzept.\" \/>\n<meta property=\"og:url\" content=\"https:\/\/www.wingtsun-escrima.be\/de\/philipperoussel\/\" \/>\n<meta property=\"og:site_name\" content=\"WingTsun - Escrima\" \/>\n<meta property=\"article:publisher\" content=\"https:\/\/www.facebook.com\/wingtsun.liege\/\" \/>\n<meta property=\"article:modified_time\" content=\"2026-02-04T21:01:50+00:00\" \/>\n<meta name=\"twitter:card\" content=\"summary_large_image\" \/>\n<meta name=\"twitter:label1\" content=\"Gesch\u00e4tzte Lesezeit\" \/>\n\t<meta name=\"twitter:data1\" content=\"6\u00a0Minuten\" \/>\n<script type=\"application\/ld+json\" class=\"yoast-schema-graph\">{\"@context\":\"https:\/\/schema.org\",\"@graph\":[{\"@type\":\"WebPage\",\"@id\":\"https:\/\/www.wingtsun-escrima.be\/de\/philipperoussel\/\",\"url\":\"https:\/\/www.wingtsun-escrima.be\/de\/philipperoussel\/\",\"name\":\"WingTsun und Escrima > Kampfkunst und Gesundheit\",\"isPartOf\":{\"@id\":\"https:\/\/www.wingtsun-escrima.be\/#website\"},\"datePublished\":\"2021-06-07T17:46:46+00:00\",\"dateModified\":\"2026-02-04T21:01:50+00:00\",\"description\":\"Lerne WingTsun und Escrima, um in Sicherheit zu leben. Profitiere dabei von unserem ganzheitlichen Gesundheits- und Fitnesskonzept.\",\"breadcrumb\":{\"@id\":\"https:\/\/www.wingtsun-escrima.be\/de\/philipperoussel\/#breadcrumb\"},\"inLanguage\":\"de\",\"potentialAction\":[{\"@type\":\"ReadAction\",\"target\":[\"https:\/\/www.wingtsun-escrima.be\/de\/philipperoussel\/\"]}]},{\"@type\":\"BreadcrumbList\",\"@id\":\"https:\/\/www.wingtsun-escrima.be\/de\/philipperoussel\/#breadcrumb\",\"itemListElement\":[{\"@type\":\"ListItem\",\"position\":1,\"name\":\"Startseite\",\"item\":\"https:\/\/www.wingtsun-escrima.be\/de\/\"},{\"@type\":\"ListItem\",\"position\":2,\"name\":\"K\u00f6lner Schule\"}]},{\"@type\":\"WebSite\",\"@id\":\"https:\/\/www.wingtsun-escrima.be\/#website\",\"url\":\"https:\/\/www.wingtsun-escrima.be\/\",\"name\":\"WingTsun - Escrima\",\"description\":\"\",\"publisher\":{\"@id\":\"https:\/\/www.wingtsun-escrima.be\/#organization\"},\"potentialAction\":[{\"@type\":\"SearchAction\",\"target\":{\"@type\":\"EntryPoint\",\"urlTemplate\":\"https:\/\/www.wingtsun-escrima.be\/?s={search_term_string}\"},\"query-input\":{\"@type\":\"PropertyValueSpecification\",\"valueRequired\":true,\"valueName\":\"search_term_string\"}}],\"inLanguage\":\"de\"},{\"@type\":\"Organization\",\"@id\":\"https:\/\/www.wingtsun-escrima.be\/#organization\",\"name\":\"Organisation wallonne de WingTsun\",\"url\":\"https:\/\/www.wingtsun-escrima.be\/\",\"logo\":{\"@type\":\"ImageObject\",\"inLanguage\":\"de\",\"@id\":\"https:\/\/www.wingtsun-escrima.be\/#\/schema\/logo\/image\/\",\"url\":\"https:\/\/www.wingtsun-escrima.be\/site\/wp-content\/uploads\/2018\/05\/wingtsun-Logo-Retina-2.png\",\"contentUrl\":\"https:\/\/www.wingtsun-escrima.be\/site\/wp-content\/uploads\/2018\/05\/wingtsun-Logo-Retina-2.png\",\"width\":528,\"height\":160,\"caption\":\"Organisation wallonne de WingTsun\"},\"image\":{\"@id\":\"https:\/\/www.wingtsun-escrima.be\/#\/schema\/logo\/image\/\"},\"sameAs\":[\"https:\/\/www.facebook.com\/wingtsun.liege\/\",\"https:\/\/www.youtube.com\/user\/wingtsunwelt\"]}]}<\/script>\n<!-- \/ Yoast SEO plugin. -->","yoast_head_json":{"title":"WingTsun und Escrima > Kampfkunst und Gesundheit","description":"Lerne WingTsun und Escrima, um in Sicherheit zu leben. Profitiere dabei von unserem ganzheitlichen Gesundheits- und Fitnesskonzept.","robots":{"index":"index","follow":"follow","max-snippet":"max-snippet:-1","max-image-preview":"max-image-preview:large","max-video-preview":"max-video-preview:-1"},"canonical":"https:\/\/www.wingtsun-escrima.be\/de\/philipperoussel\/","og_locale":"de_DE","og_type":"article","og_title":"WingTsun und Escrima > Kampfkunst und Gesundheit","og_description":"Lerne WingTsun und Escrima, um in Sicherheit zu leben. Profitiere dabei von unserem ganzheitlichen Gesundheits- und Fitnesskonzept.","og_url":"https:\/\/www.wingtsun-escrima.be\/de\/philipperoussel\/","og_site_name":"WingTsun - Escrima","article_publisher":"https:\/\/www.facebook.com\/wingtsun.liege\/","article_modified_time":"2026-02-04T21:01:50+00:00","twitter_card":"summary_large_image","twitter_misc":{"Gesch\u00e4tzte Lesezeit":"6\u00a0Minuten"},"schema":{"@context":"https:\/\/schema.org","@graph":[{"@type":"WebPage","@id":"https:\/\/www.wingtsun-escrima.be\/de\/philipperoussel\/","url":"https:\/\/www.wingtsun-escrima.be\/de\/philipperoussel\/","name":"WingTsun und Escrima > Kampfkunst und Gesundheit","isPartOf":{"@id":"https:\/\/www.wingtsun-escrima.be\/#website"},"datePublished":"2021-06-07T17:46:46+00:00","dateModified":"2026-02-04T21:01:50+00:00","description":"Lerne WingTsun und Escrima, um in Sicherheit zu leben. Profitiere dabei von unserem ganzheitlichen Gesundheits- und Fitnesskonzept.","breadcrumb":{"@id":"https:\/\/www.wingtsun-escrima.be\/de\/philipperoussel\/#breadcrumb"},"inLanguage":"de","potentialAction":[{"@type":"ReadAction","target":["https:\/\/www.wingtsun-escrima.be\/de\/philipperoussel\/"]}]},{"@type":"BreadcrumbList","@id":"https:\/\/www.wingtsun-escrima.be\/de\/philipperoussel\/#breadcrumb","itemListElement":[{"@type":"ListItem","position":1,"name":"Startseite","item":"https:\/\/www.wingtsun-escrima.be\/de\/"},{"@type":"ListItem","position":2,"name":"K\u00f6lner Schule"}]},{"@type":"WebSite","@id":"https:\/\/www.wingtsun-escrima.be\/#website","url":"https:\/\/www.wingtsun-escrima.be\/","name":"WingTsun - Escrima","description":"","publisher":{"@id":"https:\/\/www.wingtsun-escrima.be\/#organization"},"potentialAction":[{"@type":"SearchAction","target":{"@type":"EntryPoint","urlTemplate":"https:\/\/www.wingtsun-escrima.be\/?s={search_term_string}"},"query-input":{"@type":"PropertyValueSpecification","valueRequired":true,"valueName":"search_term_string"}}],"inLanguage":"de"},{"@type":"Organization","@id":"https:\/\/www.wingtsun-escrima.be\/#organization","name":"Organisation wallonne de WingTsun","url":"https:\/\/www.wingtsun-escrima.be\/","logo":{"@type":"ImageObject","inLanguage":"de","@id":"https:\/\/www.wingtsun-escrima.be\/#\/schema\/logo\/image\/","url":"https:\/\/www.wingtsun-escrima.be\/site\/wp-content\/uploads\/2018\/05\/wingtsun-Logo-Retina-2.png","contentUrl":"https:\/\/www.wingtsun-escrima.be\/site\/wp-content\/uploads\/2018\/05\/wingtsun-Logo-Retina-2.png","width":528,"height":160,"caption":"Organisation wallonne de WingTsun"},"image":{"@id":"https:\/\/www.wingtsun-escrima.be\/#\/schema\/logo\/image\/"},"sameAs":["https:\/\/www.facebook.com\/wingtsun.liege\/","https:\/\/www.youtube.com\/user\/wingtsunwelt"]}]}},"_links":{"self":[{"href":"https:\/\/www.wingtsun-escrima.be\/de\/wp-json\/wp\/v2\/pages\/2590","targetHints":{"allow":["GET"]}}],"collection":[{"href":"https:\/\/www.wingtsun-escrima.be\/de\/wp-json\/wp\/v2\/pages"}],"about":[{"href":"https:\/\/www.wingtsun-escrima.be\/de\/wp-json\/wp\/v2\/types\/page"}],"author":[{"embeddable":true,"href":"https:\/\/www.wingtsun-escrima.be\/de\/wp-json\/wp\/v2\/users\/3"}],"replies":[{"embeddable":true,"href":"https:\/\/www.wingtsun-escrima.be\/de\/wp-json\/wp\/v2\/comments?post=2590"}],"version-history":[{"count":0,"href":"https:\/\/www.wingtsun-escrima.be\/de\/wp-json\/wp\/v2\/pages\/2590\/revisions"}],"wp:attachment":[{"href":"https:\/\/www.wingtsun-escrima.be\/de\/wp-json\/wp\/v2\/media?parent=2590"}],"curies":[{"name":"wp","href":"https:\/\/api.w.org\/{rel}","templated":true}]}}