{"id":1963,"date":"2018-04-18T14:31:59","date_gmt":"2018-04-18T12:31:59","guid":{"rendered":"http:\/\/www.wingtsun-escrima.be\/SITE2018\/site\/?page_id=1963"},"modified":"2023-01-17T16:28:26","modified_gmt":"2023-01-17T15:28:26","slug":"impressum","status":"publish","type":"page","link":"https:\/\/www.wingtsun-escrima.be\/de\/impressum\/","title":{"rendered":"Impressum"},"content":{"rendered":"<div class=\"fusion-fullwidth fullwidth-box fusion-builder-row-1 nonhundred-percent-fullwidth non-hundred-percent-height-scrolling\" style=\"background-color: rgba(255,255,255,0);background-position: center center;background-repeat: no-repeat;padding-top:0px;padding-right:0px;padding-bottom:0px;padding-left:0px;margin-bottom: 0px;margin-top: 0px;border-width: 0px 0px 0px 0px;border-color:#e7e4e2;border-style:solid;\" ><div class=\"fusion-builder-row fusion-row\"><div class=\"fusion-layout-column fusion_builder_column fusion-builder-column-0 fusion_builder_column_1_1 1_1 fusion-one-full fusion-column-first fusion-column-last fusion-animated\" style=\"margin-top:10px;margin-bottom:10px;\" data-animationType=\"fadeInDown\" data-animationDuration=\"1.0\" data-animationOffset=\"100%\"><div class=\"fusion-column-wrapper fusion-flex-column-wrapper-legacy\" style=\"background-position:left top;background-repeat:no-repeat;-webkit-background-size:cover;-moz-background-size:cover;-o-background-size:cover;background-size:cover;padding: 0px 0px 0px 0px;\"><style type=\"text\/css\"><\/style><div class=\"fusion-title title fusion-title-1 fusion-sep-none fusion-title-text fusion-title-size-one\" style=\"margin-top:0px;margin-right:0px;margin-bottom:10px;margin-left:0px;\"><h1 class=\"title-heading-left\" style=\"margin:0;\">Impressum<\/h1><\/div><div class=\"fusion-clearfix\"><\/div><\/div><\/div><div class=\"fusion-layout-column fusion_builder_column fusion-builder-column-1 fusion_builder_column_1_1 1_1 fusion-one-full fusion-column-first fusion-column-last fusion-animated\" style=\"margin-top:10px;margin-bottom:10px;\" data-animationType=\"fadeInLeft\" data-animationDuration=\"1.0\" data-animationOffset=\"100%\"><div class=\"fusion-column-wrapper fusion-flex-column-wrapper-legacy\" style=\"background-position:left top;background-repeat:no-repeat;-webkit-background-size:cover;-moz-background-size:cover;-o-background-size:cover;background-size:cover;padding: 0px 0px 0px 0px;\"><div class=\"fusion-text fusion-text-1\"><h4>Ansprechpartner und Seitenbetreiber:<\/h4>\n<p>Philippe Roussel<br \/>\nK\u00f6ln (Deutschland)<\/p>\n<h4>Kontakt:<\/h4>\n<p>Mobil: +49 (0) 178 65 92 702<\/p>\n<h4>Verantwortlich f\u00fcr den Inhalt der Webseite:<\/h4>\n<p>Philippe Roussel<br \/>\nK\u00f6ln (Deutschland)<\/p>\n<p>Mobil: +49 (0) 178 65 92 702<\/p>\n<p>Der Seitenbetreiber ist nicht verantwortlich f\u00fcr die im (franz\u00f6sischsprachigen) Impressum befindlichen Kontaktdaten der anderen Ausbilder.<\/p>\n<h3>Haftung f\u00fcr Inhalte<\/h3>\n<p>Als Dienstanbieter sind wir f\u00fcr eigene Inhalte auf diesen Seiten nach den allgemeinen Gesetzen verantwortlich. Wir sind jedoch nicht verpflichtet, \u00fcbermittelte oder gespeicherte fremde Informationen zu \u00fcberwachen oder nach Umst\u00e4nden zu forschen, die auf eine rechtswidrige T\u00e4tigkeit hinweisen.<br \/>\nVerpflichtungen zur Entfernung oder Sperrung der Nutzung von Informationen nach den allgemeinen Gesetzen bleiben hiervon unber\u00fchrt. Eine diesbez\u00fcgliche Haftung ist jedoch erst ab dem Zeitpunkt der Kenntnis einer konkreten Rechtsverletzung m\u00f6glich. Bei Bekanntwerden von entsprechenden Rechtsverletzungen werden wir diese Inhalte umgehend entfernen.<\/p>\n<h3>Haftung f\u00fcr Links<\/h3>\n<p>Unser Angebot enth\u00e4lt Links zu externen Websites Dritter, auf deren Inhalte wir keinen Einfluss haben. Deshalb k\u00f6nnen wir f\u00fcr diese fremden Inhalte auch keine Gew\u00e4hr \u00fcbernehmen. F\u00fcr die Inhalte der verlinkten Seiten ist stets der jeweilige Anbieter oder Betreiber der Seiten verantwortlich. Die verlinkten Seiten wurden zum Zeitpunkt der Verlinkung auf m\u00f6gliche Rechtsverst\u00f6\u00dfe \u00fcberpr\u00fcft. Rechtswidrige Inhalte waren zum Zeitpunkt der Verlinkung nicht erkennbar.<br \/>\nEine permanente inhaltliche Kontrolle der verlinkten Seiten ist jedoch ohne konkrete Anhaltspunkte einer Rechtsverletzung nicht zumutbar. Bei Bekanntwerden von Rechtsverletzungen werden wir derartige Links umgehend entfernen.<\/p>\n<h3>Urheberrecht<\/h3>\n<p>Die durch die Seitenbetreiber erstellten Inhalte und Werke auf diesen Seiten unterliegen dem Urheberrecht. Die Vervielf\u00e4ltigung, Bearbeitung, Verbreitung und jede Art der Verwertung au\u00dferhalb der Grenzen des Urheberrechtes bed\u00fcrfen der schriftlichen Zustimmung des jeweiligen Autors bzw. Erstellers. Downloads und Kopien dieser Seite sind nur f\u00fcr den privaten, nicht kommerziellen Gebrauch gestattet.<br \/>\nSoweit die Inhalte auf dieser Seite nicht vom Betreiber erstellt wurden, werden die Urheberrechte Dritter beachtet. Insbesondere werden Inhalte Dritter als solche gekennzeichnet. Sollten Sie trotzdem auf eine Urheberrechtsverletzung aufmerksam werden, bitten wir um einen entsprechenden Hinweis. Bei Bekanntwerden von Rechtsverletzungen werden wir derartige Inhalte umgehend entfernen.<\/p>\n<div>\n<div>\n<p><strong>Design &amp; Realisierung:<\/strong><br \/>\nKamyar Omranie<br \/>\nMultimedia Producer<br \/>\n<a title=\"Kamyar Omranie, www.omranie.com\" href=\"http:\/\/www.omranie.com\" target=\"_blank\" rel=\"noopener noreferrer\">www.omranie.com<\/a><\/p>\n<\/div>\n<\/div>\n<\/div><div class=\"fusion-clearfix\"><\/div><\/div><\/div><\/div><\/div>\n","protected":false},"excerpt":{"rendered":"","protected":false},"author":1,"featured_media":0,"parent":0,"menu_order":9,"comment_status":"closed","ping_status":"closed","template":"","meta":{"footnotes":""},"class_list":["post-1963","page","type-page","status-publish","hentry"],"yoast_head":"<!-- This site is optimized with the Yoast SEO plugin v26.5 - https:\/\/yoast.com\/wordpress\/plugins\/seo\/ -->\n<title>Impressum &#8211; WingTsun - Escrima<\/title>\n<meta name=\"robots\" content=\"index, follow, max-snippet:-1, max-image-preview:large, max-video-preview:-1\" \/>\n<link rel=\"canonical\" href=\"https:\/\/www.wingtsun-escrima.be\/de\/impressum\/\" \/>\n<meta property=\"og:locale\" content=\"de_DE\" \/>\n<meta property=\"og:type\" content=\"article\" \/>\n<meta property=\"og:title\" content=\"Impressum &#8211; WingTsun - Escrima\" \/>\n<meta property=\"og:url\" content=\"https:\/\/www.wingtsun-escrima.be\/de\/impressum\/\" \/>\n<meta property=\"og:site_name\" content=\"WingTsun - Escrima\" \/>\n<meta property=\"article:publisher\" content=\"https:\/\/www.facebook.com\/wingtsun.liege\/\" \/>\n<meta property=\"article:modified_time\" content=\"2023-01-17T15:28:26+00:00\" \/>\n<meta name=\"twitter:card\" content=\"summary_large_image\" \/>\n<meta name=\"twitter:label1\" content=\"Gesch\u00e4tzte Lesezeit\" \/>\n\t<meta name=\"twitter:data1\" content=\"3\u00a0Minuten\" \/>\n<script type=\"application\/ld+json\" class=\"yoast-schema-graph\">{\"@context\":\"https:\/\/schema.org\",\"@graph\":[{\"@type\":\"WebPage\",\"@id\":\"https:\/\/www.wingtsun-escrima.be\/de\/impressum\/\",\"url\":\"https:\/\/www.wingtsun-escrima.be\/de\/impressum\/\",\"name\":\"Impressum &#8211; WingTsun - Escrima\",\"isPartOf\":{\"@id\":\"https:\/\/www.wingtsun-escrima.be\/#website\"},\"datePublished\":\"2018-04-18T12:31:59+00:00\",\"dateModified\":\"2023-01-17T15:28:26+00:00\",\"breadcrumb\":{\"@id\":\"https:\/\/www.wingtsun-escrima.be\/de\/impressum\/#breadcrumb\"},\"inLanguage\":\"de\",\"potentialAction\":[{\"@type\":\"ReadAction\",\"target\":[\"https:\/\/www.wingtsun-escrima.be\/de\/impressum\/\"]}]},{\"@type\":\"BreadcrumbList\",\"@id\":\"https:\/\/www.wingtsun-escrima.be\/de\/impressum\/#breadcrumb\",\"itemListElement\":[{\"@type\":\"ListItem\",\"position\":1,\"name\":\"Startseite\",\"item\":\"https:\/\/www.wingtsun-escrima.be\/de\/\"},{\"@type\":\"ListItem\",\"position\":2,\"name\":\"Impressum\"}]},{\"@type\":\"WebSite\",\"@id\":\"https:\/\/www.wingtsun-escrima.be\/#website\",\"url\":\"https:\/\/www.wingtsun-escrima.be\/\",\"name\":\"WingTsun - Escrima\",\"description\":\"\",\"publisher\":{\"@id\":\"https:\/\/www.wingtsun-escrima.be\/#organization\"},\"potentialAction\":[{\"@type\":\"SearchAction\",\"target\":{\"@type\":\"EntryPoint\",\"urlTemplate\":\"https:\/\/www.wingtsun-escrima.be\/?s={search_term_string}\"},\"query-input\":{\"@type\":\"PropertyValueSpecification\",\"valueRequired\":true,\"valueName\":\"search_term_string\"}}],\"inLanguage\":\"de\"},{\"@type\":\"Organization\",\"@id\":\"https:\/\/www.wingtsun-escrima.be\/#organization\",\"name\":\"Organisation wallonne de WingTsun\",\"url\":\"https:\/\/www.wingtsun-escrima.be\/\",\"logo\":{\"@type\":\"ImageObject\",\"inLanguage\":\"de\",\"@id\":\"https:\/\/www.wingtsun-escrima.be\/#\/schema\/logo\/image\/\",\"url\":\"https:\/\/www.wingtsun-escrima.be\/site\/wp-content\/uploads\/2018\/05\/wingtsun-Logo-Retina-2.png\",\"contentUrl\":\"https:\/\/www.wingtsun-escrima.be\/site\/wp-content\/uploads\/2018\/05\/wingtsun-Logo-Retina-2.png\",\"width\":528,\"height\":160,\"caption\":\"Organisation wallonne de WingTsun\"},\"image\":{\"@id\":\"https:\/\/www.wingtsun-escrima.be\/#\/schema\/logo\/image\/\"},\"sameAs\":[\"https:\/\/www.facebook.com\/wingtsun.liege\/\",\"https:\/\/www.youtube.com\/user\/wingtsunwelt\"]}]}<\/script>\n<!-- \/ Yoast SEO plugin. -->","yoast_head_json":{"title":"Impressum &#8211; WingTsun - Escrima","robots":{"index":"index","follow":"follow","max-snippet":"max-snippet:-1","max-image-preview":"max-image-preview:large","max-video-preview":"max-video-preview:-1"},"canonical":"https:\/\/www.wingtsun-escrima.be\/de\/impressum\/","og_locale":"de_DE","og_type":"article","og_title":"Impressum &#8211; WingTsun - Escrima","og_url":"https:\/\/www.wingtsun-escrima.be\/de\/impressum\/","og_site_name":"WingTsun - Escrima","article_publisher":"https:\/\/www.facebook.com\/wingtsun.liege\/","article_modified_time":"2023-01-17T15:28:26+00:00","twitter_card":"summary_large_image","twitter_misc":{"Gesch\u00e4tzte Lesezeit":"3\u00a0Minuten"},"schema":{"@context":"https:\/\/schema.org","@graph":[{"@type":"WebPage","@id":"https:\/\/www.wingtsun-escrima.be\/de\/impressum\/","url":"https:\/\/www.wingtsun-escrima.be\/de\/impressum\/","name":"Impressum &#8211; WingTsun - Escrima","isPartOf":{"@id":"https:\/\/www.wingtsun-escrima.be\/#website"},"datePublished":"2018-04-18T12:31:59+00:00","dateModified":"2023-01-17T15:28:26+00:00","breadcrumb":{"@id":"https:\/\/www.wingtsun-escrima.be\/de\/impressum\/#breadcrumb"},"inLanguage":"de","potentialAction":[{"@type":"ReadAction","target":["https:\/\/www.wingtsun-escrima.be\/de\/impressum\/"]}]},{"@type":"BreadcrumbList","@id":"https:\/\/www.wingtsun-escrima.be\/de\/impressum\/#breadcrumb","itemListElement":[{"@type":"ListItem","position":1,"name":"Startseite","item":"https:\/\/www.wingtsun-escrima.be\/de\/"},{"@type":"ListItem","position":2,"name":"Impressum"}]},{"@type":"WebSite","@id":"https:\/\/www.wingtsun-escrima.be\/#website","url":"https:\/\/www.wingtsun-escrima.be\/","name":"WingTsun - Escrima","description":"","publisher":{"@id":"https:\/\/www.wingtsun-escrima.be\/#organization"},"potentialAction":[{"@type":"SearchAction","target":{"@type":"EntryPoint","urlTemplate":"https:\/\/www.wingtsun-escrima.be\/?s={search_term_string}"},"query-input":{"@type":"PropertyValueSpecification","valueRequired":true,"valueName":"search_term_string"}}],"inLanguage":"de"},{"@type":"Organization","@id":"https:\/\/www.wingtsun-escrima.be\/#organization","name":"Organisation wallonne de WingTsun","url":"https:\/\/www.wingtsun-escrima.be\/","logo":{"@type":"ImageObject","inLanguage":"de","@id":"https:\/\/www.wingtsun-escrima.be\/#\/schema\/logo\/image\/","url":"https:\/\/www.wingtsun-escrima.be\/site\/wp-content\/uploads\/2018\/05\/wingtsun-Logo-Retina-2.png","contentUrl":"https:\/\/www.wingtsun-escrima.be\/site\/wp-content\/uploads\/2018\/05\/wingtsun-Logo-Retina-2.png","width":528,"height":160,"caption":"Organisation wallonne de WingTsun"},"image":{"@id":"https:\/\/www.wingtsun-escrima.be\/#\/schema\/logo\/image\/"},"sameAs":["https:\/\/www.facebook.com\/wingtsun.liege\/","https:\/\/www.youtube.com\/user\/wingtsunwelt"]}]}},"_links":{"self":[{"href":"https:\/\/www.wingtsun-escrima.be\/de\/wp-json\/wp\/v2\/pages\/1963","targetHints":{"allow":["GET"]}}],"collection":[{"href":"https:\/\/www.wingtsun-escrima.be\/de\/wp-json\/wp\/v2\/pages"}],"about":[{"href":"https:\/\/www.wingtsun-escrima.be\/de\/wp-json\/wp\/v2\/types\/page"}],"author":[{"embeddable":true,"href":"https:\/\/www.wingtsun-escrima.be\/de\/wp-json\/wp\/v2\/users\/1"}],"replies":[{"embeddable":true,"href":"https:\/\/www.wingtsun-escrima.be\/de\/wp-json\/wp\/v2\/comments?post=1963"}],"version-history":[{"count":0,"href":"https:\/\/www.wingtsun-escrima.be\/de\/wp-json\/wp\/v2\/pages\/1963\/revisions"}],"wp:attachment":[{"href":"https:\/\/www.wingtsun-escrima.be\/de\/wp-json\/wp\/v2\/media?parent=1963"}],"curies":[{"name":"wp","href":"https:\/\/api.w.org\/{rel}","templated":true}]}}