{"id":1962,"date":"2018-04-18T14:31:21","date_gmt":"2018-04-18T12:31:21","guid":{"rendered":"http:\/\/www.wingtsun-escrima.be\/SITE2018\/site\/?page_id=1962"},"modified":"2024-09-20T11:31:54","modified_gmt":"2024-09-20T09:31:54","slug":"kontakt","status":"publish","type":"page","link":"https:\/\/www.wingtsun-escrima.be\/de\/kontakt\/","title":{"rendered":"Kontakt"},"content":{"rendered":"<p><div class=\"fusion-fullwidth fullwidth-box fusion-builder-row-1 nonhundred-percent-fullwidth non-hundred-percent-height-scrolling\" style=\"background-color: rgba(255,255,255,0);background-position: center center;background-repeat: no-repeat;padding-top:0px;padding-right:0px;padding-bottom:0px;padding-left:0px;margin-bottom: 0px;margin-top: 0px;border-width: 0px 0px 0px 0px;border-color:#e7e4e2;border-style:solid;\" ><div class=\"fusion-builder-row fusion-row\"><div class=\"fusion-layout-column fusion_builder_column fusion-builder-column-0 fusion_builder_column_1_1 1_1 fusion-one-full fusion-column-first fusion-column-last fusion-animated\" style=\"margin-top:10px;margin-bottom:10px;\" data-animationType=\"fadeInDown\" data-animationDuration=\"1.0\" data-animationOffset=\"100%\"><div class=\"fusion-column-wrapper fusion-flex-column-wrapper-legacy\" style=\"background-position:left top;background-repeat:no-repeat;-webkit-background-size:cover;-moz-background-size:cover;-o-background-size:cover;background-size:cover;padding: 0px 0px 0px 0px;\"><style type=\"text\/css\"><\/style><div class=\"fusion-title title fusion-title-1 fusion-sep-none fusion-title-text fusion-title-size-one\" style=\"margin-top:0px;margin-right:0px;margin-bottom:10px;margin-left:0px;\"><h1 class=\"title-heading-left\" style=\"margin:0;\">Kontakt<\/h1><\/div><div class=\"fusion-clearfix\"><\/div><\/div><\/div><div class=\"fusion-layout-column fusion_builder_column fusion-builder-column-1 fusion_builder_column_1_1 1_1 fusion-one-full fusion-column-first fusion-column-last fusion-animated\" style=\"margin-top:20px;margin-bottom:10px;\" data-animationType=\"fadeInLeft\" data-animationDuration=\"1.0\" data-animationOffset=\"100%\"><div class=\"fusion-column-wrapper fusion-flex-column-wrapper-legacy\" style=\"background-position:left top;background-repeat:no-repeat;-webkit-background-size:cover;-moz-background-size:cover;-o-background-size:cover;background-size:cover;padding: 0px 0px 0px 0px;\"><div class=\"fusion-content-boxes content-boxes columns row fusion-columns-2 fusion-columns-total-1 fusion-content-boxes-1 content-boxes-icon-on-top content-left\" data-animationOffset=\"100%\" style=\"margin-top:0px;margin-bottom:60px;\"><style type=\"text\/css\">.fusion-content-boxes-1 .heading .content-box-heading {color:#333c4e;}\n\t\t\t\t\t.fusion-content-boxes-1 .fusion-content-box-hover .link-area-link-icon-hover .heading .content-box-heading,\n\t\t\t\t\t.fusion-content-boxes-1 .fusion-content-box-hover .link-area-link-icon-hover .heading .heading-link .content-box-heading,\n\t\t\t\t\t.fusion-content-boxes-1 .fusion-content-box-hover .link-area-box-hover .heading .content-box-heading,\n\t\t\t\t\t.fusion-content-boxes-1 .fusion-content-box-hover .link-area-box-hover .heading .heading-link .content-box-heading,\n\t\t\t\t\t.fusion-content-boxes-1 .fusion-content-box-hover .link-area-link-icon-hover.link-area-box .fusion-read-more,\n\t\t\t\t\t.fusion-content-boxes-1 .fusion-content-box-hover .link-area-link-icon-hover.link-area-box .fusion-read-more::after,\n\t\t\t\t\t.fusion-content-boxes-1 .fusion-content-box-hover .link-area-link-icon-hover.link-area-box .fusion-read-more::before,\n\t\t\t\t\t.fusion-content-boxes-1 .fusion-content-box-hover .fusion-read-more:hover:after,\n\t\t\t\t\t.fusion-content-boxes-1 .fusion-content-box-hover .fusion-read-more:hover:before,\n\t\t\t\t\t.fusion-content-boxes-1 .fusion-content-box-hover .fusion-read-more:hover,\n\t\t\t\t\t.fusion-content-boxes-1 .fusion-content-box-hover .link-area-box-hover.link-area-box .fusion-read-more,\n\t\t\t\t\t.fusion-content-boxes-1 .fusion-content-box-hover .link-area-box-hover.link-area-box .fusion-read-more::after,\n\t\t\t\t\t.fusion-content-boxes-1 .fusion-content-box-hover .link-area-box-hover.link-area-box .fusion-read-more::before,\n\t\t\t\t\t.fusion-content-boxes-1 .fusion-content-box-hover .link-area-link-icon-hover .icon .circle-no,\n\t\t\t\t\t.fusion-content-boxes-1 .heading .heading-link:hover .content-box-heading {\n\t\t\t\t\t\tcolor: #ffd851;\n\t\t\t\t\t}\n\t\t\t\t\t.fusion-content-boxes-1 .fusion-content-box-hover .link-area-box-hover .icon .circle-no {\n\t\t\t\t\t\tcolor: #ffd851 !important;\n\t\t\t\t\t}.fusion-content-boxes-1 .fusion-content-box-hover .link-area-box.link-area-box-hover .fusion-content-box-button {background: #d20013;color: #ffffff;}.fusion-content-boxes-1 .fusion-content-box-hover .link-area-box.link-area-box-hover .fusion-content-box-button .fusion-button-text {color: #ffffff;}\n\t\t\t\t\t.fusion-content-boxes-1 .fusion-content-box-hover .link-area-link-icon-hover .heading .icon > span {\n\t\t\t\t\t\tbackground-color: #ffd851 !important;\n\t\t\t\t\t}\n\t\t\t\t\t.fusion-content-boxes-1 .fusion-content-box-hover .link-area-box-hover .heading .icon > span {\n\t\t\t\t\t\tborder-color: #ffd851 !important;\n\t\t\t\t\t}\n\t\t\t\t\t\t.fusion-content-boxes-1 .fusion-content-box-hover .link-area-link-icon-hover.icon-hover-animation-pulsate .fontawesome-icon:after,\n\t\t\t\t\t\t.fusion-content-boxes-1 .fusion-content-box-hover .link-area-box-hover.icon-hover-animation-pulsate .fontawesome-icon:after,\n\t\t\t\t\t\t.fusion-content-boxes-1 .fusion-content-box-hover .link-area-link-icon-hover.icon-wrapper-hover-animation-pulsate .icon span:after,\n\t\t\t\t\t\t.fusion-content-boxes-1 .fusion-content-box-hover .link-area-box-hover.icon-wrapper-hover-animation-pulsate .icon span:after {\n\t\t\t\t\t\t\t-webkit-box-shadow:0 0 0 2px rgba(255,255,255,0.1), 0 0 10px 10px #ffd851, 0 0 0 10px rgba(255,255,255,0.5);\n\t\t\t\t\t\t\t-moz-box-shadow:0 0 0 2px rgba(255,255,255,0.1), 0 0 10px 10px #ffd851, 0 0 0 10px rgba(255,255,255,0.5);\n\t\t\t\t\t\t\tbox-shadow: 0 0 0 2px rgba(255,255,255,0.1), 0 0 10px 10px #ffd851, 0 0 0 10px rgba(255,255,255,0.5);\n\t\t\t\t\t\t}\n\t\t\t\t\t<\/style><div class=\"fusion-column content-box-column content-box-column content-box-column-1 col-lg-6 col-md-6 col-sm-6 fusion-content-box-hover content-box-column-first-in-row content-box-column-last\"><div class=\"col content-box-wrapper content-wrapper-background link-area-box icon-hover-animation-pulsate fusion-animated\" style=\"background-color:#f4f4f4;\" data-animationType=\"zoomInDown\" data-animationDuration=\"1.0\" data-animationOffset=\"100%\"><div class=\"heading heading-with-icon icon-left\"><div class=\"icon\"><i style=\"border-color:#333c4e;border-width:0px;background-color:#d20013;box-sizing:content-box;height:100px;width:100px;line-height:100px;border-radius:50%;color:#ffffff;font-size:50px;\" aria-hidden=\"true\" class=\"fontawesome-icon fa-map-marker fas circle-yes fa-flip-horizontal\"><\/i><\/div><h2 class=\"content-box-heading\" style=\"font-size:25px;line-height:30px;\">K\u00f6ln und L\u00fcttich (BE)<\/h2><\/div><div class=\"fusion-clearfix\"><\/div><div class=\"content-container\" style=\"color:#434343;\">\n<div class=\"fusion-sep-clear\"><\/div><div class=\"fusion-separator fusion-full-width-sep\" style=\"margin-left: auto;margin-right: auto;margin-top:30px;width:100%;\"><\/div><div class=\"fusion-sep-clear\"><\/div><div class=\"fusion-align-block\"><style type=\"text\/css\">.fusion-button.button-1 {border-radius:0px;}<\/style><a class=\"fusion-button button-flat button-medium button-default button-1 fusion-button-default-span \" target=\"_self\" href=\"#namur\"><i class=\"fa-external-link-alt fas button-icon-left\" aria-hidden=\"true\"><\/i><span class=\"fusion-button-text\">KONTAKTDATEN<\/span><\/a><\/div>\n<\/div><\/div><\/div><style type=\"text\/css\">\n\t\t\t\t\t\t.fusion-content-boxes-1 .fusion-content-box-hover .heading-link:hover .icon i.circle-yes,\n\t\t\t\t\t\t.fusion-content-boxes-1 .fusion-content-box-hover .link-area-box:hover .heading-link .icon i.circle-yes,\n\t\t\t\t\t\t.fusion-content-boxes-1 .fusion-content-box-hover .link-area-link-icon-hover .heading .icon i.circle-yes,\n\t\t\t\t\t\t.fusion-content-boxes-1 .fusion-content-box-hover .link-area-box-hover .heading .icon i.circle-yes {\n\t\t\t\t\t\t\tbackground-color: #ffd851 !important;\n\t\t\t\t\t\t\tborder-color: #ffd851 !important;\n\t\t\t\t\t\t}<\/style><div class=\"fusion-clearfix\"><\/div><\/div><div class=\"fusion-clearfix\"><\/div><\/div><\/div><\/div><\/div><div id=\"namur\"><div class=\"fusion-fullwidth fullwidth-box fusion-builder-row-2 KO_abs nonhundred-percent-fullwidth non-hundred-percent-height-scrolling\" style=\"background-color: rgba(255,255,255,0);background-position: center center;background-repeat: no-repeat;padding-top:20px;padding-right:0px;padding-bottom:0px;padding-left:0px;margin-bottom: 0px;margin-top: 0px;border-width: 0px 0px 0px 0px;border-color:#e7e4e2;border-style:solid;\" ><div class=\"fusion-builder-row fusion-row\"><div class=\"fusion-layout-column fusion_builder_column fusion-builder-column-2 fusion_builder_column_1_1 1_1 fusion-one-full fusion-column-first fusion-column-last fusion-animated\" style=\"margin-top:10px;margin-bottom:10px;\" data-animationType=\"fadeInDown\" data-animationDuration=\"1.0\" data-animationOffset=\"100%\"><div class=\"fusion-column-wrapper fusion-flex-column-wrapper-legacy\" style=\"background-position:left top;background-repeat:no-repeat;-webkit-background-size:cover;-moz-background-size:cover;-o-background-size:cover;background-size:cover;padding: 0px 0px 0px 0px;\"><style type=\"text\/css\"><\/style><div class=\"fusion-title title fusion-title-2 fusion-sep-none fusion-title-text fusion-title-size-two\" style=\"margin-top:0px;margin-right:0px;margin-bottom:10px;margin-left:0px;\"><h2 class=\"title-heading-left\" style=\"margin:0;\">K\u00f6ln und L\u00fcttich (BE)<\/h2><\/div><div class=\"fusion-clearfix\"><\/div><\/div><\/div><div class=\"fusion-layout-column fusion_builder_column fusion-builder-column-3 fusion_builder_column_1_2 1_2 fusion-one-half fusion-column-first fusion-animated\" style=\"width:50%;width:calc(50% - ( ( 4% + 4% ) * 0.5 ) );margin-right: 4%;margin-top:10px;margin-bottom:10px;\" data-animationType=\"fadeInLeft\" data-animationDuration=\"1.0\" data-animationOffset=\"100%\"><div class=\"fusion-column-wrapper fusion-flex-column-wrapper-legacy\" style=\"background-position:left top;background-repeat:no-repeat;-webkit-background-size:cover;-moz-background-size:cover;-o-background-size:cover;background-size:cover;padding: 0px 0px 0px 0px;\"><div class=\"fusion-text fusion-text-1\"><div class=\"fusion-fa-align-left\"><i class=\"fb-icon-element-1 fb-icon-element fontawesome-icon fa-angle-double-right fas circle-no\" style=\"font-size:25px;margin-right:12.5px;\"><\/i><\/div><style>i.fb-icon-element.fontawesome-icon.fb-icon-element-1{ color: #434343;}i.fb-icon-element.fontawesome-icon.fb-icon-element-1:hover { color: #434343;}<\/style>\n<h3>Erwachsene (ab 16)<\/h3>\n<\/div><div class=\"fusion-text fusion-text-2\"><p>Kampfkunstschule f\u00fcr WingTsun und Newman-Escrima, K\u00f6ln-Bickendorf und L\u00fcttich-Cointe (BE)<br \/>\nUnter Anleitung von <a href=\"https:\/\/www.wingtsun-escrima.be\/de\/unser-team\/#roussel\" target=\"_blank\" rel=\"noopener\"><strong>SiHing Philippe Roussel<\/strong><\/a><\/p>\n<p><strong>Mobil:<\/strong> <a href=\"tel:+491786592702\">+49 178 65 92 702<\/a><br \/>\n<strong>E-Mail:<\/strong> <a href=\"mailto:philippe.r@wingtsun-escrima.be\" target=\"_blank\" rel=\"noopener\">philippe.r@wingtsun-escrima.be<\/a><\/p>\n<\/div><div class=\"fusion-text fusion-text-3\"><p><i class=\"fb-icon-element-2 fb-icon-element fontawesome-icon fa-facebook fab circle-no fusion-text-flow\" style=\"font-size:25px;margin-right:12.5px;\"><\/i><style>i.fb-icon-element.fontawesome-icon.fb-icon-element-2{ color: #29487D;}i.fb-icon-element.fontawesome-icon.fb-icon-element-2:hover { color: #29487D;}<\/style> <a style=\"color: #434343;\" href=\"https:\/\/www.facebook.com\/wingtsun.escrima.roussel\" target=\"_blank\" rel=\"noopener noreferrer\"><strong>Follow us on Facebook<\/strong><\/a><\/p>\n<p><i class=\"fb-icon-element-3 fb-icon-element fontawesome-icon fa fa-instagram circle-no fusion-text-flow\" style=\"font-size:25px;margin-right:12.5px;\"><\/i><style>i.fb-icon-element.fontawesome-icon.fb-icon-element-3{ color: #FF573D;}i.fb-icon-element.fontawesome-icon.fb-icon-element-3:hover { color: #FF573D;}<\/style> <a style=\"color: #434343;\" href=\"https:\/\/www.instagram.com\/wingtsun.escrima.roussel\" target=\"_blank\" rel=\"noopener noreferrer\"><strong>Follow us on Instagram<\/strong><\/a><\/p>\n<\/div><div class=\"fusion-clearfix\"><\/div><\/div><\/div><div class=\"fusion-layout-column fusion_builder_column fusion-builder-column-4 fusion_builder_column_1_4 1_4 fusion-one-fourth fusion-animated\" style=\"width:25%;width:calc(25% - ( ( 4% + 4% ) * 0.25 ) );margin-right: 4%;margin-top:10px;margin-bottom:10px;\" data-animationType=\"fadeInLeft\" data-animationDuration=\"1.0\" data-animationOffset=\"100%\"><div class=\"fusion-column-wrapper fusion-flex-column-wrapper-legacy\" style=\"background-position:left top;background-repeat:no-repeat;-webkit-background-size:cover;-moz-background-size:cover;-o-background-size:cover;background-size:cover;padding: 0px 0px 0px 0px;\"><span class=\" fusion-imageframe imageframe-none imageframe-1 hover-type-zoomin\" style=\"border:4px solid #b7b7b7;\"><img decoding=\"async\" width=\"500\" height=\"500\" title=\"SiHing Philippe\" src=\"https:\/\/www.wingtsun-escrima.be\/site\/wp-content\/uploads\/2021\/08\/5D3-210608-9988.jpg\" class=\"img-responsive wp-image-2605\" srcset=\"https:\/\/www.wingtsun-escrima.be\/site\/wp-content\/uploads\/2021\/08\/5D3-210608-9988-200x200.jpg 200w, https:\/\/www.wingtsun-escrima.be\/site\/wp-content\/uploads\/2021\/08\/5D3-210608-9988-400x400.jpg 400w, https:\/\/www.wingtsun-escrima.be\/site\/wp-content\/uploads\/2021\/08\/5D3-210608-9988.jpg 500w\" sizes=\"(max-width: 1000px) 100vw, 400px\" \/><\/span><div class=\"fusion-clearfix\"><\/div><\/div><\/div><div class=\"fusion-layout-column fusion_builder_column fusion-builder-column-5 fusion_builder_column_1_4 1_4 fusion-one-fourth fusion-column-last\" style=\"width:25%;width:calc(25% - ( ( 4% + 4% ) * 0.25 ) );margin-top:10px;margin-bottom:10px;\"><div class=\"fusion-column-wrapper fusion-flex-column-wrapper-legacy\" style=\"background-position:left top;background-repeat:no-repeat;-webkit-background-size:cover;-moz-background-size:cover;-o-background-size:cover;background-size:cover;padding: 0px 0px 0px 0px;\"><div class=\"fusion-clearfix\"><\/div><\/div><\/div><div class=\"fusion-layout-column fusion_builder_column fusion-builder-column-6 fusion_builder_column_1_4 1_4 fusion-one-fourth fusion-column-first fusion-animated\" style=\"width:25%;width:calc(25% - ( ( 4% + 4% ) * 0.25 ) );margin-right: 4%;margin-top:10px;margin-bottom:10px;\" data-animationType=\"fadeInLeft\" data-animationDuration=\"1.0\" data-animationOffset=\"100%\"><div class=\"fusion-column-wrapper fusion-flex-column-wrapper-legacy\" style=\"background-position:left top;background-repeat:no-repeat;-webkit-background-size:cover;-moz-background-size:cover;-o-background-size:cover;background-size:cover;padding: 0px 0px 0px 0px;\"><div class=\"fusion-clearfix\"><\/div><\/div><\/div><div class=\"fusion-layout-column fusion_builder_column fusion-builder-column-7 fusion_builder_column_1_4 1_4 fusion-one-fourth\" style=\"width:25%;width:calc(25% - ( ( 4% + 4% ) * 0.25 ) );margin-right: 4%;margin-top:10px;margin-bottom:10px;\"><div class=\"fusion-column-wrapper fusion-flex-column-wrapper-legacy\" style=\"background-position:left top;background-repeat:no-repeat;-webkit-background-size:cover;-moz-background-size:cover;-o-background-size:cover;background-size:cover;padding: 0px 0px 0px 0px;\"><div class=\"fusion-clearfix\"><\/div><\/div><\/div><div class=\"fusion-layout-column fusion_builder_column fusion-builder-column-8 fusion_builder_column_1_4 1_4 fusion-one-fourth fusion-column-last\" style=\"width:25%;width:calc(25% - ( ( 4% + 4% ) * 0.25 ) );margin-top:10px;margin-bottom:10px;\"><div class=\"fusion-column-wrapper fusion-flex-column-wrapper-legacy\" style=\"background-position:left top;background-repeat:no-repeat;-webkit-background-size:cover;-moz-background-size:cover;-o-background-size:cover;background-size:cover;padding: 0px 0px 0px 0px;\"><div class=\"fusion-clearfix\"><\/div><\/div><\/div><\/div><\/div><\/div><\/p>\n","protected":false},"excerpt":{"rendered":"","protected":false},"author":1,"featured_media":0,"parent":0,"menu_order":10,"comment_status":"closed","ping_status":"closed","template":"","meta":{"footnotes":""},"class_list":["post-1962","page","type-page","status-publish","hentry"],"yoast_head":"<!-- This site is optimized with the Yoast SEO plugin v26.5 - https:\/\/yoast.com\/wordpress\/plugins\/seo\/ -->\n<title>Kontakt &#8211; WingTsun - Escrima<\/title>\n<meta name=\"robots\" content=\"index, follow, max-snippet:-1, max-image-preview:large, max-video-preview:-1\" \/>\n<link rel=\"canonical\" href=\"https:\/\/www.wingtsun-escrima.be\/de\/kontakt\/\" \/>\n<meta property=\"og:locale\" content=\"de_DE\" \/>\n<meta property=\"og:type\" content=\"article\" \/>\n<meta property=\"og:title\" content=\"Kontakt &#8211; WingTsun - Escrima\" \/>\n<meta property=\"og:url\" content=\"https:\/\/www.wingtsun-escrima.be\/de\/kontakt\/\" \/>\n<meta property=\"og:site_name\" content=\"WingTsun - Escrima\" \/>\n<meta property=\"article:publisher\" content=\"https:\/\/www.facebook.com\/wingtsun.liege\/\" \/>\n<meta property=\"article:modified_time\" content=\"2024-09-20T09:31:54+00:00\" \/>\n<meta name=\"twitter:card\" content=\"summary_large_image\" \/>\n<meta name=\"twitter:label1\" content=\"Gesch\u00e4tzte Lesezeit\" \/>\n\t<meta name=\"twitter:data1\" content=\"5\u00a0Minuten\" \/>\n<script type=\"application\/ld+json\" class=\"yoast-schema-graph\">{\"@context\":\"https:\/\/schema.org\",\"@graph\":[{\"@type\":\"WebPage\",\"@id\":\"https:\/\/www.wingtsun-escrima.be\/de\/kontakt\/\",\"url\":\"https:\/\/www.wingtsun-escrima.be\/de\/kontakt\/\",\"name\":\"Kontakt &#8211; WingTsun - Escrima\",\"isPartOf\":{\"@id\":\"https:\/\/www.wingtsun-escrima.be\/#website\"},\"datePublished\":\"2018-04-18T12:31:21+00:00\",\"dateModified\":\"2024-09-20T09:31:54+00:00\",\"breadcrumb\":{\"@id\":\"https:\/\/www.wingtsun-escrima.be\/de\/kontakt\/#breadcrumb\"},\"inLanguage\":\"de\",\"potentialAction\":[{\"@type\":\"ReadAction\",\"target\":[\"https:\/\/www.wingtsun-escrima.be\/de\/kontakt\/\"]}]},{\"@type\":\"BreadcrumbList\",\"@id\":\"https:\/\/www.wingtsun-escrima.be\/de\/kontakt\/#breadcrumb\",\"itemListElement\":[{\"@type\":\"ListItem\",\"position\":1,\"name\":\"Startseite\",\"item\":\"https:\/\/www.wingtsun-escrima.be\/de\/\"},{\"@type\":\"ListItem\",\"position\":2,\"name\":\"Kontakt\"}]},{\"@type\":\"WebSite\",\"@id\":\"https:\/\/www.wingtsun-escrima.be\/#website\",\"url\":\"https:\/\/www.wingtsun-escrima.be\/\",\"name\":\"WingTsun - Escrima\",\"description\":\"\",\"publisher\":{\"@id\":\"https:\/\/www.wingtsun-escrima.be\/#organization\"},\"potentialAction\":[{\"@type\":\"SearchAction\",\"target\":{\"@type\":\"EntryPoint\",\"urlTemplate\":\"https:\/\/www.wingtsun-escrima.be\/?s={search_term_string}\"},\"query-input\":{\"@type\":\"PropertyValueSpecification\",\"valueRequired\":true,\"valueName\":\"search_term_string\"}}],\"inLanguage\":\"de\"},{\"@type\":\"Organization\",\"@id\":\"https:\/\/www.wingtsun-escrima.be\/#organization\",\"name\":\"Organisation wallonne de WingTsun\",\"url\":\"https:\/\/www.wingtsun-escrima.be\/\",\"logo\":{\"@type\":\"ImageObject\",\"inLanguage\":\"de\",\"@id\":\"https:\/\/www.wingtsun-escrima.be\/#\/schema\/logo\/image\/\",\"url\":\"https:\/\/www.wingtsun-escrima.be\/site\/wp-content\/uploads\/2018\/05\/wingtsun-Logo-Retina-2.png\",\"contentUrl\":\"https:\/\/www.wingtsun-escrima.be\/site\/wp-content\/uploads\/2018\/05\/wingtsun-Logo-Retina-2.png\",\"width\":528,\"height\":160,\"caption\":\"Organisation wallonne de WingTsun\"},\"image\":{\"@id\":\"https:\/\/www.wingtsun-escrima.be\/#\/schema\/logo\/image\/\"},\"sameAs\":[\"https:\/\/www.facebook.com\/wingtsun.liege\/\",\"https:\/\/www.youtube.com\/user\/wingtsunwelt\"]}]}<\/script>\n<!-- \/ Yoast SEO plugin. -->","yoast_head_json":{"title":"Kontakt &#8211; WingTsun - Escrima","robots":{"index":"index","follow":"follow","max-snippet":"max-snippet:-1","max-image-preview":"max-image-preview:large","max-video-preview":"max-video-preview:-1"},"canonical":"https:\/\/www.wingtsun-escrima.be\/de\/kontakt\/","og_locale":"de_DE","og_type":"article","og_title":"Kontakt &#8211; WingTsun - Escrima","og_url":"https:\/\/www.wingtsun-escrima.be\/de\/kontakt\/","og_site_name":"WingTsun - Escrima","article_publisher":"https:\/\/www.facebook.com\/wingtsun.liege\/","article_modified_time":"2024-09-20T09:31:54+00:00","twitter_card":"summary_large_image","twitter_misc":{"Gesch\u00e4tzte Lesezeit":"5\u00a0Minuten"},"schema":{"@context":"https:\/\/schema.org","@graph":[{"@type":"WebPage","@id":"https:\/\/www.wingtsun-escrima.be\/de\/kontakt\/","url":"https:\/\/www.wingtsun-escrima.be\/de\/kontakt\/","name":"Kontakt &#8211; WingTsun - Escrima","isPartOf":{"@id":"https:\/\/www.wingtsun-escrima.be\/#website"},"datePublished":"2018-04-18T12:31:21+00:00","dateModified":"2024-09-20T09:31:54+00:00","breadcrumb":{"@id":"https:\/\/www.wingtsun-escrima.be\/de\/kontakt\/#breadcrumb"},"inLanguage":"de","potentialAction":[{"@type":"ReadAction","target":["https:\/\/www.wingtsun-escrima.be\/de\/kontakt\/"]}]},{"@type":"BreadcrumbList","@id":"https:\/\/www.wingtsun-escrima.be\/de\/kontakt\/#breadcrumb","itemListElement":[{"@type":"ListItem","position":1,"name":"Startseite","item":"https:\/\/www.wingtsun-escrima.be\/de\/"},{"@type":"ListItem","position":2,"name":"Kontakt"}]},{"@type":"WebSite","@id":"https:\/\/www.wingtsun-escrima.be\/#website","url":"https:\/\/www.wingtsun-escrima.be\/","name":"WingTsun - Escrima","description":"","publisher":{"@id":"https:\/\/www.wingtsun-escrima.be\/#organization"},"potentialAction":[{"@type":"SearchAction","target":{"@type":"EntryPoint","urlTemplate":"https:\/\/www.wingtsun-escrima.be\/?s={search_term_string}"},"query-input":{"@type":"PropertyValueSpecification","valueRequired":true,"valueName":"search_term_string"}}],"inLanguage":"de"},{"@type":"Organization","@id":"https:\/\/www.wingtsun-escrima.be\/#organization","name":"Organisation wallonne de WingTsun","url":"https:\/\/www.wingtsun-escrima.be\/","logo":{"@type":"ImageObject","inLanguage":"de","@id":"https:\/\/www.wingtsun-escrima.be\/#\/schema\/logo\/image\/","url":"https:\/\/www.wingtsun-escrima.be\/site\/wp-content\/uploads\/2018\/05\/wingtsun-Logo-Retina-2.png","contentUrl":"https:\/\/www.wingtsun-escrima.be\/site\/wp-content\/uploads\/2018\/05\/wingtsun-Logo-Retina-2.png","width":528,"height":160,"caption":"Organisation wallonne de WingTsun"},"image":{"@id":"https:\/\/www.wingtsun-escrima.be\/#\/schema\/logo\/image\/"},"sameAs":["https:\/\/www.facebook.com\/wingtsun.liege\/","https:\/\/www.youtube.com\/user\/wingtsunwelt"]}]}},"_links":{"self":[{"href":"https:\/\/www.wingtsun-escrima.be\/de\/wp-json\/wp\/v2\/pages\/1962","targetHints":{"allow":["GET"]}}],"collection":[{"href":"https:\/\/www.wingtsun-escrima.be\/de\/wp-json\/wp\/v2\/pages"}],"about":[{"href":"https:\/\/www.wingtsun-escrima.be\/de\/wp-json\/wp\/v2\/types\/page"}],"author":[{"embeddable":true,"href":"https:\/\/www.wingtsun-escrima.be\/de\/wp-json\/wp\/v2\/users\/1"}],"replies":[{"embeddable":true,"href":"https:\/\/www.wingtsun-escrima.be\/de\/wp-json\/wp\/v2\/comments?post=1962"}],"version-history":[{"count":0,"href":"https:\/\/www.wingtsun-escrima.be\/de\/wp-json\/wp\/v2\/pages\/1962\/revisions"}],"wp:attachment":[{"href":"https:\/\/www.wingtsun-escrima.be\/de\/wp-json\/wp\/v2\/media?parent=1962"}],"curies":[{"name":"wp","href":"https:\/\/api.w.org\/{rel}","templated":true}]}}