{"id":1958,"date":"2018-04-18T14:23:58","date_gmt":"2018-04-18T12:23:58","guid":{"rendered":"http:\/\/www.wingtsun-escrima.be\/SITE2018\/site\/?page_id=1958"},"modified":"2021-06-12T12:10:23","modified_gmt":"2021-06-12T10:10:23","slug":"gruppentraining","status":"publish","type":"page","link":"https:\/\/www.wingtsun-escrima.be\/de\/newman-escrima\/gruppentraining\/","title":{"rendered":"Gruppentraining"},"content":{"rendered":"<div class=\"fusion-fullwidth fullwidth-box fusion-builder-row-1 nonhundred-percent-fullwidth non-hundred-percent-height-scrolling\" style=\"background-color: rgba(255,255,255,0);background-position: center center;background-repeat: no-repeat;padding-top:0px;padding-right:0px;padding-bottom:0px;padding-left:0px;margin-bottom: 0px;margin-top: 0px;border-width: 0px 0px 0px 0px;border-color:#e7e4e2;border-style:solid;\" ><div class=\"fusion-builder-row fusion-row\"><div class=\"fusion-layout-column fusion_builder_column fusion-builder-column-0 fusion_builder_column_1_1 1_1 fusion-one-full fusion-column-first fusion-column-last fusion-animated\" style=\"margin-top:10px;margin-bottom:10px;\" data-animationType=\"fadeInDown\" data-animationDuration=\"1.0\" data-animationOffset=\"100%\"><div class=\"fusion-column-wrapper fusion-flex-column-wrapper-legacy\" style=\"background-position:left top;background-repeat:no-repeat;-webkit-background-size:cover;-moz-background-size:cover;-o-background-size:cover;background-size:cover;padding: 0px 0px 0px 0px;\"><style type=\"text\/css\"><\/style><div class=\"fusion-title title fusion-title-1 fusion-sep-none fusion-title-text fusion-title-size-one\" style=\"margin-top:0px;margin-right:0px;margin-bottom:10px;margin-left:0px;\"><h1 class=\"title-heading-left\" style=\"margin:0;\">Gruppentraining<\/h1><\/div><div class=\"fusion-clearfix\"><\/div><\/div><\/div><div class=\"fusion-layout-column fusion_builder_column fusion-builder-column-1 fusion_builder_column_2_3 2_3 fusion-two-third fusion-column-first fusion-animated\" style=\"width:66.666666666667%;width:calc(66.666666666667% - ( ( 4% ) * 0.66666666666667 ) );margin-right: 4%;margin-top:10px;margin-bottom:10px;\" data-animationType=\"fadeInLeft\" data-animationDuration=\"1.0\" data-animationOffset=\"100%\"><div class=\"fusion-column-wrapper fusion-flex-column-wrapper-legacy\" style=\"background-position:left top;background-repeat:no-repeat;-webkit-background-size:cover;-moz-background-size:cover;-o-background-size:cover;background-size:cover;padding: 0px 0px 0px 0px;\"><div class=\"fusion-text fusion-text-1\"><p>Das Gruppentraining besteht aus: Aufw\u00e4rmphase (<em>warm up<\/em>), Formen mit oder ohne Partner, realistische Techniken, <a href=\"https:\/\/www.wingtsun-escrima.be\/de\/newman-escrima\/was-erwartet-mich\/\">wirksame Kampfprinzipien<\/a>, Entwaffnungen, etc. Dabei versetzen wir Dich in realit\u00e4tsnahe Gefahrensituationen.<\/p>\n<p>Das <a href=\"https:\/\/newman-escrima.academy\/de\/g-videos.html\" target=\"_blank\" rel=\"noopener\">Escrima-Training<\/a> findet in entspannter Atmosph\u00e4re und im gegenseitigen Respekt statt.<\/p>\n<\/div><div class=\"fusion-clearfix\"><\/div><\/div><\/div><div class=\"fusion-layout-column fusion_builder_column fusion-builder-column-2 fusion_builder_column_1_3 1_3 fusion-one-third fusion-column-last fusion-animated\" style=\"width:33.333333333333%;width:calc(33.333333333333% - ( ( 4% ) * 0.33333333333333 ) );margin-top:10px;margin-bottom:10px;\" data-animationType=\"fadeInRight\" data-animationDuration=\"1.0\" data-animationOffset=\"100%\"><div class=\"fusion-column-wrapper fusion-flex-column-wrapper-legacy\" style=\"background-position:left top;background-repeat:no-repeat;-webkit-background-size:cover;-moz-background-size:cover;-o-background-size:cover;background-size:cover;padding: 0px 0px 0px 0px;\"><div class=\"fusion-video fusion-youtube\" style=\"max-width:600px;max-height:360px;\"><div class=\"video-shortcode\"><iframe title=\"YouTube video player 1\" src=\"https:\/\/www.youtube.com\/embed\/-1vjax8vCIs?wmode=transparent&autoplay=0\" width=\"600\" height=\"360\" allowfullscreen allow=\"autoplay; fullscreen\"><\/iframe><\/div><\/div><div class=\"fusion-clearfix\"><\/div><\/div><\/div><div class=\"fusion-layout-column fusion_builder_column fusion-builder-column-3 fusion_builder_column_1_1 1_1 fusion-one-full fusion-column-first fusion-column-last fusion-animated\" style=\"margin-top:10px;margin-bottom:10px;\" data-animationType=\"fadeInDown\" data-animationDuration=\"1.0\" data-animationOffset=\"100%\"><div class=\"fusion-column-wrapper fusion-flex-column-wrapper-legacy\" style=\"background-position:left top;background-repeat:no-repeat;-webkit-background-size:cover;-moz-background-size:cover;-o-background-size:cover;background-size:cover;padding: 0px 0px 0px 0px;\"><div class=\"fusion-sep-clear\"><\/div><div class=\"fusion-separator fusion-full-width-sep\" style=\"margin-left: auto;margin-right: auto;margin-top:30px;width:100%;\"><\/div><div class=\"fusion-sep-clear\"><\/div><div class=\"fusion-image-carousel fusion-image-carousel-auto fusion-carousel-border\"><div class=\"fusion-carousel\" data-autoplay=\"no\" data-columns=\"6\" data-itemmargin=\"13\" data-itemwidth=\"180\" data-touchscroll=\"yes\" data-imagesize=\"auto\"><div class=\"fusion-carousel-positioner\"><ul class=\"fusion-carousel-holder\"><li class=\"fusion-carousel-item\"><div class=\"fusion-carousel-item-wrapper\"><div class=\"fusion-image-wrapper hover-type-zoomin\"><img decoding=\"async\" width=\"250\" height=\"375\" src=\"https:\/\/www.wingtsun-escrima.be\/site\/wp-content\/uploads\/2018\/05\/Kampsport_1.jpg\" class=\"attachment-full size-full\" alt=\"Kampsport_wingtsun-escrima1\" srcset=\"https:\/\/www.wingtsun-escrima.be\/site\/wp-content\/uploads\/2018\/05\/Kampsport_1-200x300.jpg 200w, https:\/\/www.wingtsun-escrima.be\/site\/wp-content\/uploads\/2018\/05\/Kampsport_1.jpg 250w\" sizes=\"(min-width: 2200px) 100vw, (min-width: 1100px) 203px, (min-width: 1008px) 243px, (min-width: 916px) 304px, (min-width: 824px) 405px, (min-width: 732px) 608px, (min-width: 640px) 732px, \" \/><\/div><\/div><\/li><li class=\"fusion-carousel-item\"><div class=\"fusion-carousel-item-wrapper\"><div class=\"fusion-image-wrapper hover-type-zoomin\"><img decoding=\"async\" width=\"250\" height=\"375\" src=\"https:\/\/www.wingtsun-escrima.be\/site\/wp-content\/uploads\/2018\/05\/Kampsport_2.jpg\" class=\"attachment-full size-full\" alt=\"Kampsport_wingtsun-escrima2\" srcset=\"https:\/\/www.wingtsun-escrima.be\/site\/wp-content\/uploads\/2018\/05\/Kampsport_2-200x300.jpg 200w, https:\/\/www.wingtsun-escrima.be\/site\/wp-content\/uploads\/2018\/05\/Kampsport_2.jpg 250w\" sizes=\"(min-width: 2200px) 100vw, (min-width: 1100px) 203px, (min-width: 1008px) 243px, (min-width: 916px) 304px, (min-width: 824px) 405px, (min-width: 732px) 608px, (min-width: 640px) 732px, \" \/><\/div><\/div><\/li><li class=\"fusion-carousel-item\"><div class=\"fusion-carousel-item-wrapper\"><div class=\"fusion-image-wrapper hover-type-zoomin\"><img decoding=\"async\" width=\"250\" height=\"375\" src=\"https:\/\/www.wingtsun-escrima.be\/site\/wp-content\/uploads\/2018\/05\/Kampsport_3.jpg\" class=\"attachment-full size-full\" alt=\"Kampsport_wingtsun-escrima3\" srcset=\"https:\/\/www.wingtsun-escrima.be\/site\/wp-content\/uploads\/2018\/05\/Kampsport_3-200x300.jpg 200w, https:\/\/www.wingtsun-escrima.be\/site\/wp-content\/uploads\/2018\/05\/Kampsport_3.jpg 250w\" sizes=\"(min-width: 2200px) 100vw, (min-width: 1100px) 203px, (min-width: 1008px) 243px, (min-width: 916px) 304px, (min-width: 824px) 405px, (min-width: 732px) 608px, (min-width: 640px) 732px, \" \/><\/div><\/div><\/li><li class=\"fusion-carousel-item\"><div class=\"fusion-carousel-item-wrapper\"><div class=\"fusion-image-wrapper hover-type-zoomin\"><img decoding=\"async\" width=\"250\" height=\"375\" src=\"https:\/\/www.wingtsun-escrima.be\/site\/wp-content\/uploads\/2018\/05\/Kampsport_4.jpg\" class=\"attachment-full size-full\" alt=\"Kampsport_wingtsun-escrima4\" srcset=\"https:\/\/www.wingtsun-escrima.be\/site\/wp-content\/uploads\/2018\/05\/Kampsport_4-200x300.jpg 200w, https:\/\/www.wingtsun-escrima.be\/site\/wp-content\/uploads\/2018\/05\/Kampsport_4.jpg 250w\" sizes=\"(min-width: 2200px) 100vw, (min-width: 1100px) 203px, (min-width: 1008px) 243px, (min-width: 916px) 304px, (min-width: 824px) 405px, (min-width: 732px) 608px, (min-width: 640px) 732px, \" \/><\/div><\/div><\/li><li class=\"fusion-carousel-item\"><div class=\"fusion-carousel-item-wrapper\"><div class=\"fusion-image-wrapper hover-type-zoomin\"><img decoding=\"async\" width=\"250\" height=\"375\" src=\"https:\/\/www.wingtsun-escrima.be\/site\/wp-content\/uploads\/2018\/05\/Kampsport_5.jpg\" class=\"attachment-full size-full\" alt=\"Kampsport_wingtsun-escrima5\" srcset=\"https:\/\/www.wingtsun-escrima.be\/site\/wp-content\/uploads\/2018\/05\/Kampsport_5-200x300.jpg 200w, https:\/\/www.wingtsun-escrima.be\/site\/wp-content\/uploads\/2018\/05\/Kampsport_5.jpg 250w\" sizes=\"(min-width: 2200px) 100vw, (min-width: 1100px) 203px, (min-width: 1008px) 243px, (min-width: 916px) 304px, (min-width: 824px) 405px, (min-width: 732px) 608px, (min-width: 640px) 732px, \" \/><\/div><\/div><\/li><li class=\"fusion-carousel-item\"><div class=\"fusion-carousel-item-wrapper\"><div class=\"fusion-image-wrapper hover-type-zoomin\"><img decoding=\"async\" width=\"250\" height=\"375\" src=\"https:\/\/www.wingtsun-escrima.be\/site\/wp-content\/uploads\/2018\/05\/Kampsport_6.jpg\" class=\"attachment-full size-full\" alt=\"\" srcset=\"https:\/\/www.wingtsun-escrima.be\/site\/wp-content\/uploads\/2018\/05\/Kampsport_6-200x300.jpg 200w, https:\/\/www.wingtsun-escrima.be\/site\/wp-content\/uploads\/2018\/05\/Kampsport_6.jpg 250w\" sizes=\"(min-width: 2200px) 100vw, (min-width: 1100px) 203px, (min-width: 1008px) 243px, (min-width: 916px) 304px, (min-width: 824px) 405px, (min-width: 732px) 608px, (min-width: 640px) 732px, \" \/><\/div><\/div><\/li><li class=\"fusion-carousel-item\"><div class=\"fusion-carousel-item-wrapper\"><div class=\"fusion-image-wrapper hover-type-zoomin\"><img decoding=\"async\" width=\"250\" height=\"375\" src=\"https:\/\/www.wingtsun-escrima.be\/site\/wp-content\/uploads\/2018\/05\/Kampsport_7.jpg\" class=\"attachment-full size-full\" alt=\"Kampsport_wingtsun-escrima7\" srcset=\"https:\/\/www.wingtsun-escrima.be\/site\/wp-content\/uploads\/2018\/05\/Kampsport_7-200x300.jpg 200w, https:\/\/www.wingtsun-escrima.be\/site\/wp-content\/uploads\/2018\/05\/Kampsport_7.jpg 250w\" sizes=\"(min-width: 2200px) 100vw, (min-width: 1100px) 203px, (min-width: 1008px) 243px, (min-width: 916px) 304px, (min-width: 824px) 405px, (min-width: 732px) 608px, (min-width: 640px) 732px, \" \/><\/div><\/div><\/li><li class=\"fusion-carousel-item\"><div class=\"fusion-carousel-item-wrapper\"><div class=\"fusion-image-wrapper hover-type-zoomin\"><img decoding=\"async\" width=\"250\" height=\"375\" src=\"https:\/\/www.wingtsun-escrima.be\/site\/wp-content\/uploads\/2018\/05\/Kampsport_8.jpg\" class=\"attachment-full size-full\" alt=\"Kampsport_wingtsun-escrima8\" srcset=\"https:\/\/www.wingtsun-escrima.be\/site\/wp-content\/uploads\/2018\/05\/Kampsport_8-200x300.jpg 200w, https:\/\/www.wingtsun-escrima.be\/site\/wp-content\/uploads\/2018\/05\/Kampsport_8.jpg 250w\" sizes=\"(min-width: 2200px) 100vw, (min-width: 1100px) 203px, (min-width: 1008px) 243px, (min-width: 916px) 304px, (min-width: 824px) 405px, (min-width: 732px) 608px, (min-width: 640px) 732px, \" \/><\/div><\/div><\/li><li class=\"fusion-carousel-item\"><div class=\"fusion-carousel-item-wrapper\"><div class=\"fusion-image-wrapper hover-type-zoomin\"><img decoding=\"async\" width=\"250\" height=\"375\" src=\"https:\/\/www.wingtsun-escrima.be\/site\/wp-content\/uploads\/2018\/05\/Kampsport_9.jpg\" class=\"attachment-full size-full\" alt=\"Kampsport_wingtsun-escrima9\" srcset=\"https:\/\/www.wingtsun-escrima.be\/site\/wp-content\/uploads\/2018\/05\/Kampsport_9-200x300.jpg 200w, https:\/\/www.wingtsun-escrima.be\/site\/wp-content\/uploads\/2018\/05\/Kampsport_9.jpg 250w\" sizes=\"(min-width: 2200px) 100vw, (min-width: 1100px) 203px, (min-width: 1008px) 243px, (min-width: 916px) 304px, (min-width: 824px) 405px, (min-width: 732px) 608px, (min-width: 640px) 732px, \" \/><\/div><\/div><\/li><li class=\"fusion-carousel-item\"><div class=\"fusion-carousel-item-wrapper\"><div class=\"fusion-image-wrapper hover-type-zoomin\"><img decoding=\"async\" width=\"250\" height=\"375\" src=\"https:\/\/www.wingtsun-escrima.be\/site\/wp-content\/uploads\/2018\/05\/Kampsport_10.jpg\" class=\"attachment-full size-full\" alt=\"Kampsport_wingtsun-escrima10\" srcset=\"https:\/\/www.wingtsun-escrima.be\/site\/wp-content\/uploads\/2018\/05\/Kampsport_10-200x300.jpg 200w, https:\/\/www.wingtsun-escrima.be\/site\/wp-content\/uploads\/2018\/05\/Kampsport_10.jpg 250w\" sizes=\"(min-width: 2200px) 100vw, (min-width: 1100px) 203px, (min-width: 1008px) 243px, (min-width: 916px) 304px, (min-width: 824px) 405px, (min-width: 732px) 608px, (min-width: 640px) 732px, \" \/><\/div><\/div><\/li><li class=\"fusion-carousel-item\"><div class=\"fusion-carousel-item-wrapper\"><div class=\"fusion-image-wrapper hover-type-zoomin\"><img decoding=\"async\" width=\"250\" height=\"375\" src=\"https:\/\/www.wingtsun-escrima.be\/site\/wp-content\/uploads\/2018\/05\/Kampsport_11.jpg\" class=\"attachment-full size-full\" alt=\"Kampsport_wingtsun-escrima11\" srcset=\"https:\/\/www.wingtsun-escrima.be\/site\/wp-content\/uploads\/2018\/05\/Kampsport_11-200x300.jpg 200w, https:\/\/www.wingtsun-escrima.be\/site\/wp-content\/uploads\/2018\/05\/Kampsport_11.jpg 250w\" sizes=\"(min-width: 2200px) 100vw, (min-width: 1100px) 203px, (min-width: 1008px) 243px, (min-width: 916px) 304px, (min-width: 824px) 405px, (min-width: 732px) 608px, (min-width: 640px) 732px, \" \/><\/div><\/div><\/li><li class=\"fusion-carousel-item\"><div class=\"fusion-carousel-item-wrapper\"><div class=\"fusion-image-wrapper hover-type-zoomin\"><img decoding=\"async\" width=\"250\" height=\"375\" src=\"https:\/\/www.wingtsun-escrima.be\/site\/wp-content\/uploads\/2018\/05\/Kampsport_12.jpg\" class=\"attachment-full size-full\" alt=\"Kampsport_wingtsun-escrima12\" srcset=\"https:\/\/www.wingtsun-escrima.be\/site\/wp-content\/uploads\/2018\/05\/Kampsport_12-200x300.jpg 200w, https:\/\/www.wingtsun-escrima.be\/site\/wp-content\/uploads\/2018\/05\/Kampsport_12.jpg 250w\" sizes=\"(min-width: 2200px) 100vw, (min-width: 1100px) 203px, (min-width: 1008px) 243px, (min-width: 916px) 304px, (min-width: 824px) 405px, (min-width: 732px) 608px, (min-width: 640px) 732px, \" \/><\/div><\/div><\/li><\/ul><div class=\"fusion-carousel-nav\"><span class=\"fusion-nav-prev\"><\/span><span class=\"fusion-nav-next\"><\/span><\/div><\/div><\/div><\/div><div class=\"fusion-clearfix\"><\/div><\/div><\/div><\/div><\/div>\n","protected":false},"excerpt":{"rendered":"","protected":false},"author":1,"featured_media":0,"parent":1955,"menu_order":31,"comment_status":"closed","ping_status":"closed","template":"","meta":{"footnotes":""},"class_list":["post-1958","page","type-page","status-publish","hentry"],"yoast_head":"<!-- This site is optimized with the Yoast SEO plugin v26.5 - https:\/\/yoast.com\/wordpress\/plugins\/seo\/ -->\n<title>Gruppentraining Newman Escrima in angenehmer Atmosph\u00e4re - in K\u00f6ln<\/title>\n<meta name=\"description\" content=\"Das Gruppentraining besteht aus einer Aufw\u00e4rmphase, Drills, realistischen Techniken, wirksamen Kampfprinzipien, Entwaffnungen, etc.\" \/>\n<meta name=\"robots\" content=\"index, follow, max-snippet:-1, max-image-preview:large, max-video-preview:-1\" \/>\n<link rel=\"canonical\" href=\"https:\/\/www.wingtsun-escrima.be\/de\/newman-escrima\/gruppentraining\/\" \/>\n<meta property=\"og:locale\" content=\"de_DE\" \/>\n<meta property=\"og:type\" content=\"article\" \/>\n<meta property=\"og:title\" content=\"Gruppentraining Newman Escrima in angenehmer Atmosph\u00e4re - in K\u00f6ln\" \/>\n<meta property=\"og:description\" content=\"Das Gruppentraining besteht aus einer Aufw\u00e4rmphase, Drills, realistischen Techniken, wirksamen Kampfprinzipien, Entwaffnungen, etc.\" \/>\n<meta property=\"og:url\" content=\"https:\/\/www.wingtsun-escrima.be\/de\/newman-escrima\/gruppentraining\/\" \/>\n<meta property=\"og:site_name\" content=\"WingTsun - Escrima\" \/>\n<meta property=\"article:publisher\" content=\"https:\/\/www.facebook.com\/wingtsun.liege\/\" \/>\n<meta property=\"article:modified_time\" content=\"2021-06-12T10:10:23+00:00\" \/>\n<meta name=\"twitter:card\" content=\"summary_large_image\" \/>\n<meta name=\"twitter:label1\" content=\"Gesch\u00e4tzte Lesezeit\" \/>\n\t<meta name=\"twitter:data1\" content=\"2\u00a0Minuten\" \/>\n<script type=\"application\/ld+json\" class=\"yoast-schema-graph\">{\"@context\":\"https:\/\/schema.org\",\"@graph\":[{\"@type\":\"WebPage\",\"@id\":\"https:\/\/www.wingtsun-escrima.be\/de\/newman-escrima\/gruppentraining\/\",\"url\":\"https:\/\/www.wingtsun-escrima.be\/de\/newman-escrima\/gruppentraining\/\",\"name\":\"Gruppentraining Newman Escrima in angenehmer Atmosph\u00e4re - in K\u00f6ln\",\"isPartOf\":{\"@id\":\"https:\/\/www.wingtsun-escrima.be\/#website\"},\"datePublished\":\"2018-04-18T12:23:58+00:00\",\"dateModified\":\"2021-06-12T10:10:23+00:00\",\"description\":\"Das Gruppentraining besteht aus einer Aufw\u00e4rmphase, Drills, realistischen Techniken, wirksamen Kampfprinzipien, Entwaffnungen, etc.\",\"breadcrumb\":{\"@id\":\"https:\/\/www.wingtsun-escrima.be\/de\/newman-escrima\/gruppentraining\/#breadcrumb\"},\"inLanguage\":\"de\",\"potentialAction\":[{\"@type\":\"ReadAction\",\"target\":[\"https:\/\/www.wingtsun-escrima.be\/de\/newman-escrima\/gruppentraining\/\"]}]},{\"@type\":\"BreadcrumbList\",\"@id\":\"https:\/\/www.wingtsun-escrima.be\/de\/newman-escrima\/gruppentraining\/#breadcrumb\",\"itemListElement\":[{\"@type\":\"ListItem\",\"position\":1,\"name\":\"Startseite\",\"item\":\"https:\/\/www.wingtsun-escrima.be\/de\/\"},{\"@type\":\"ListItem\",\"position\":2,\"name\":\"Newman Escrima\",\"item\":\"https:\/\/www.wingtsun-escrima.be\/de\/newman-escrima\/\"},{\"@type\":\"ListItem\",\"position\":3,\"name\":\"Gruppentraining\"}]},{\"@type\":\"WebSite\",\"@id\":\"https:\/\/www.wingtsun-escrima.be\/#website\",\"url\":\"https:\/\/www.wingtsun-escrima.be\/\",\"name\":\"WingTsun - Escrima\",\"description\":\"\",\"publisher\":{\"@id\":\"https:\/\/www.wingtsun-escrima.be\/#organization\"},\"potentialAction\":[{\"@type\":\"SearchAction\",\"target\":{\"@type\":\"EntryPoint\",\"urlTemplate\":\"https:\/\/www.wingtsun-escrima.be\/?s={search_term_string}\"},\"query-input\":{\"@type\":\"PropertyValueSpecification\",\"valueRequired\":true,\"valueName\":\"search_term_string\"}}],\"inLanguage\":\"de\"},{\"@type\":\"Organization\",\"@id\":\"https:\/\/www.wingtsun-escrima.be\/#organization\",\"name\":\"Organisation wallonne de WingTsun\",\"url\":\"https:\/\/www.wingtsun-escrima.be\/\",\"logo\":{\"@type\":\"ImageObject\",\"inLanguage\":\"de\",\"@id\":\"https:\/\/www.wingtsun-escrima.be\/#\/schema\/logo\/image\/\",\"url\":\"https:\/\/www.wingtsun-escrima.be\/site\/wp-content\/uploads\/2018\/05\/wingtsun-Logo-Retina-2.png\",\"contentUrl\":\"https:\/\/www.wingtsun-escrima.be\/site\/wp-content\/uploads\/2018\/05\/wingtsun-Logo-Retina-2.png\",\"width\":528,\"height\":160,\"caption\":\"Organisation wallonne de WingTsun\"},\"image\":{\"@id\":\"https:\/\/www.wingtsun-escrima.be\/#\/schema\/logo\/image\/\"},\"sameAs\":[\"https:\/\/www.facebook.com\/wingtsun.liege\/\",\"https:\/\/www.youtube.com\/user\/wingtsunwelt\"]}]}<\/script>\n<!-- \/ Yoast SEO plugin. -->","yoast_head_json":{"title":"Gruppentraining Newman Escrima in angenehmer Atmosph\u00e4re - in K\u00f6ln","description":"Das Gruppentraining besteht aus einer Aufw\u00e4rmphase, Drills, realistischen Techniken, wirksamen Kampfprinzipien, Entwaffnungen, etc.","robots":{"index":"index","follow":"follow","max-snippet":"max-snippet:-1","max-image-preview":"max-image-preview:large","max-video-preview":"max-video-preview:-1"},"canonical":"https:\/\/www.wingtsun-escrima.be\/de\/newman-escrima\/gruppentraining\/","og_locale":"de_DE","og_type":"article","og_title":"Gruppentraining Newman Escrima in angenehmer Atmosph\u00e4re - in K\u00f6ln","og_description":"Das Gruppentraining besteht aus einer Aufw\u00e4rmphase, Drills, realistischen Techniken, wirksamen Kampfprinzipien, Entwaffnungen, etc.","og_url":"https:\/\/www.wingtsun-escrima.be\/de\/newman-escrima\/gruppentraining\/","og_site_name":"WingTsun - Escrima","article_publisher":"https:\/\/www.facebook.com\/wingtsun.liege\/","article_modified_time":"2021-06-12T10:10:23+00:00","twitter_card":"summary_large_image","twitter_misc":{"Gesch\u00e4tzte Lesezeit":"2\u00a0Minuten"},"schema":{"@context":"https:\/\/schema.org","@graph":[{"@type":"WebPage","@id":"https:\/\/www.wingtsun-escrima.be\/de\/newman-escrima\/gruppentraining\/","url":"https:\/\/www.wingtsun-escrima.be\/de\/newman-escrima\/gruppentraining\/","name":"Gruppentraining Newman Escrima in angenehmer Atmosph\u00e4re - in K\u00f6ln","isPartOf":{"@id":"https:\/\/www.wingtsun-escrima.be\/#website"},"datePublished":"2018-04-18T12:23:58+00:00","dateModified":"2021-06-12T10:10:23+00:00","description":"Das Gruppentraining besteht aus einer Aufw\u00e4rmphase, Drills, realistischen Techniken, wirksamen Kampfprinzipien, Entwaffnungen, etc.","breadcrumb":{"@id":"https:\/\/www.wingtsun-escrima.be\/de\/newman-escrima\/gruppentraining\/#breadcrumb"},"inLanguage":"de","potentialAction":[{"@type":"ReadAction","target":["https:\/\/www.wingtsun-escrima.be\/de\/newman-escrima\/gruppentraining\/"]}]},{"@type":"BreadcrumbList","@id":"https:\/\/www.wingtsun-escrima.be\/de\/newman-escrima\/gruppentraining\/#breadcrumb","itemListElement":[{"@type":"ListItem","position":1,"name":"Startseite","item":"https:\/\/www.wingtsun-escrima.be\/de\/"},{"@type":"ListItem","position":2,"name":"Newman Escrima","item":"https:\/\/www.wingtsun-escrima.be\/de\/newman-escrima\/"},{"@type":"ListItem","position":3,"name":"Gruppentraining"}]},{"@type":"WebSite","@id":"https:\/\/www.wingtsun-escrima.be\/#website","url":"https:\/\/www.wingtsun-escrima.be\/","name":"WingTsun - Escrima","description":"","publisher":{"@id":"https:\/\/www.wingtsun-escrima.be\/#organization"},"potentialAction":[{"@type":"SearchAction","target":{"@type":"EntryPoint","urlTemplate":"https:\/\/www.wingtsun-escrima.be\/?s={search_term_string}"},"query-input":{"@type":"PropertyValueSpecification","valueRequired":true,"valueName":"search_term_string"}}],"inLanguage":"de"},{"@type":"Organization","@id":"https:\/\/www.wingtsun-escrima.be\/#organization","name":"Organisation wallonne de WingTsun","url":"https:\/\/www.wingtsun-escrima.be\/","logo":{"@type":"ImageObject","inLanguage":"de","@id":"https:\/\/www.wingtsun-escrima.be\/#\/schema\/logo\/image\/","url":"https:\/\/www.wingtsun-escrima.be\/site\/wp-content\/uploads\/2018\/05\/wingtsun-Logo-Retina-2.png","contentUrl":"https:\/\/www.wingtsun-escrima.be\/site\/wp-content\/uploads\/2018\/05\/wingtsun-Logo-Retina-2.png","width":528,"height":160,"caption":"Organisation wallonne de WingTsun"},"image":{"@id":"https:\/\/www.wingtsun-escrima.be\/#\/schema\/logo\/image\/"},"sameAs":["https:\/\/www.facebook.com\/wingtsun.liege\/","https:\/\/www.youtube.com\/user\/wingtsunwelt"]}]}},"_links":{"self":[{"href":"https:\/\/www.wingtsun-escrima.be\/de\/wp-json\/wp\/v2\/pages\/1958","targetHints":{"allow":["GET"]}}],"collection":[{"href":"https:\/\/www.wingtsun-escrima.be\/de\/wp-json\/wp\/v2\/pages"}],"about":[{"href":"https:\/\/www.wingtsun-escrima.be\/de\/wp-json\/wp\/v2\/types\/page"}],"author":[{"embeddable":true,"href":"https:\/\/www.wingtsun-escrima.be\/de\/wp-json\/wp\/v2\/users\/1"}],"replies":[{"embeddable":true,"href":"https:\/\/www.wingtsun-escrima.be\/de\/wp-json\/wp\/v2\/comments?post=1958"}],"version-history":[{"count":0,"href":"https:\/\/www.wingtsun-escrima.be\/de\/wp-json\/wp\/v2\/pages\/1958\/revisions"}],"up":[{"embeddable":true,"href":"https:\/\/www.wingtsun-escrima.be\/de\/wp-json\/wp\/v2\/pages\/1955"}],"wp:attachment":[{"href":"https:\/\/www.wingtsun-escrima.be\/de\/wp-json\/wp\/v2\/media?parent=1958"}],"curies":[{"name":"wp","href":"https:\/\/api.w.org\/{rel}","templated":true}]}}