{"id":1957,"date":"2018-04-18T14:23:36","date_gmt":"2018-04-18T12:23:36","guid":{"rendered":"http:\/\/www.wingtsun-escrima.be\/SITE2018\/site\/?page_id=1957"},"modified":"2021-06-12T12:20:13","modified_gmt":"2021-06-12T10:20:13","slug":"escrima-fuer-erwachsene","status":"publish","type":"page","link":"https:\/\/www.wingtsun-escrima.be\/de\/newman-escrima\/escrima-fuer-erwachsene\/","title":{"rendered":"Escrima f\u00fcr Erwachsene"},"content":{"rendered":"<div class=\"fusion-fullwidth fullwidth-box fusion-builder-row-1 nonhundred-percent-fullwidth non-hundred-percent-height-scrolling\" style=\"background-color: rgba(255,255,255,0);background-position: center center;background-repeat: no-repeat;padding-top:0px;padding-right:0px;padding-bottom:0px;padding-left:0px;margin-bottom: 0px;margin-top: 0px;border-width: 0px 0px 0px 0px;border-color:#e7e4e2;border-style:solid;\" ><div class=\"fusion-builder-row fusion-row\"><div class=\"fusion-layout-column fusion_builder_column fusion-builder-column-0 fusion_builder_column_1_1 1_1 fusion-one-full fusion-column-first fusion-column-last fusion-animated\" style=\"margin-top:10px;margin-bottom:10px;\" data-animationType=\"fadeInDown\" data-animationDuration=\"1.0\" data-animationOffset=\"100%\"><div class=\"fusion-column-wrapper fusion-flex-column-wrapper-legacy\" style=\"background-position:left top;background-repeat:no-repeat;-webkit-background-size:cover;-moz-background-size:cover;-o-background-size:cover;background-size:cover;padding: 0px 0px 0px 0px;\"><style type=\"text\/css\"><\/style><div class=\"fusion-title title fusion-title-1 fusion-sep-none fusion-title-text fusion-title-size-one\" style=\"margin-top:0px;margin-right:0px;margin-bottom:10px;margin-left:0px;\"><h1 class=\"title-heading-left\" style=\"margin:0;\">Escrima f\u00fcr Erwachsene<\/h1><\/div><div class=\"fusion-clearfix\"><\/div><\/div><\/div><div class=\"fusion-layout-column fusion_builder_column fusion-builder-column-1 fusion_builder_column_2_3 2_3 fusion-two-third fusion-column-first fusion-animated\" style=\"width:66.666666666667%;width:calc(66.666666666667% - ( ( 4% ) * 0.66666666666667 ) );margin-right: 4%;margin-top:10px;margin-bottom:10px;\" data-animationType=\"fadeInLeft\" data-animationDuration=\"1.0\" data-animationOffset=\"100%\"><div class=\"fusion-column-wrapper fusion-flex-column-wrapper-legacy\" style=\"background-position:left top;background-repeat:no-repeat;-webkit-background-size:cover;-moz-background-size:cover;-o-background-size:cover;background-size:cover;padding: 0px 0px 0px 0px;\"><div class=\"fusion-text fusion-text-1\"><p><a href=\"https:\/\/www.wingtsun-escrima.be\/de\/newman-escrima\/was-erwartet-mich\/\">Escrima<\/a> ist eine eigenst\u00e4ndige Kampfkunst, die es Dir erm\u00f6glicht, Dich in einer Konfliktsituation zur Wehr zu setzen. Ganz gleich, ob mit Waffe oder ohne. Gegen eine Person oder mehrere. Beim Escrima konzentrieren wir uns allerdings schwerpunktm\u00e4\u00dfig auf den Kampf mit Waffen. Im Laufe der Zeit wirst Du Dich immer sicherer f\u00fchlen und im Stande sein, Dich zu verteidigen und andere besser zu sch\u00fctzen.<\/p>\n<\/div><div class=\"fusion-text fusion-text-2\"><p>Lust auf Escrima-Videos? Klick auf <a href=\"https:\/\/newman-escrima.academy\/de\/g-videos.html\" target=\"_blank\" rel=\"noopener\">diesen Link<\/a>.<\/p>\n<\/div><div class=\"fusion-clearfix\"><\/div><\/div><\/div><div class=\"fusion-layout-column fusion_builder_column fusion-builder-column-2 fusion_builder_column_1_3 1_3 fusion-one-third fusion-column-last fusion-animated\" style=\"width:33.333333333333%;width:calc(33.333333333333% - ( ( 4% ) * 0.33333333333333 ) );margin-top:10px;margin-bottom:10px;\" data-animationType=\"fadeInRight\" data-animationDuration=\"1.0\" data-animationOffset=\"100%\"><div class=\"fusion-column-wrapper fusion-flex-column-wrapper-legacy\" style=\"background-position:left top;background-repeat:no-repeat;-webkit-background-size:cover;-moz-background-size:cover;-o-background-size:cover;background-size:cover;padding: 0px 0px 0px 0px;\"><span class=\" fusion-imageframe imageframe-none imageframe-1 hover-type-zoomin\"><img decoding=\"async\" width=\"500\" height=\"350\" alt=\"Newman-Escrima-fuer-Erwachsene\" title=\"Newman-Escrima-fuer-Erwachsene\" src=\"http:\/\/www.wingtsun-escrima.be\/site\/wp-content\/uploads\/2018\/05\/Newman-Escrima-fuer-Erwachsene.jpg\" class=\"img-responsive wp-image-2071\" srcset=\"https:\/\/www.wingtsun-escrima.be\/site\/wp-content\/uploads\/2018\/05\/Newman-Escrima-fuer-Erwachsene-200x140.jpg 200w, https:\/\/www.wingtsun-escrima.be\/site\/wp-content\/uploads\/2018\/05\/Newman-Escrima-fuer-Erwachsene-400x280.jpg 400w, https:\/\/www.wingtsun-escrima.be\/site\/wp-content\/uploads\/2018\/05\/Newman-Escrima-fuer-Erwachsene.jpg 500w\" sizes=\"(max-width: 1000px) 100vw, 500px\" \/><\/span><div class=\"fusion-clearfix\"><\/div><\/div><\/div><div class=\"fusion-layout-column fusion_builder_column fusion-builder-column-3 fusion_builder_column_1_1 1_1 fusion-one-full fusion-column-first fusion-column-last fusion-animated\" style=\"margin-top:10px;margin-bottom:10px;\" data-animationType=\"fadeInDown\" data-animationDuration=\"1.0\" data-animationOffset=\"100%\"><div class=\"fusion-column-wrapper fusion-flex-column-wrapper-legacy\" style=\"background-position:left top;background-repeat:no-repeat;-webkit-background-size:cover;-moz-background-size:cover;-o-background-size:cover;background-size:cover;padding: 0px 0px 0px 0px;\"><div class=\"fusion-sep-clear\"><\/div><div class=\"fusion-separator fusion-full-width-sep\" style=\"margin-left: auto;margin-right: auto;margin-top:30px;width:100%;\"><\/div><div class=\"fusion-sep-clear\"><\/div><div class=\"fusion-image-carousel fusion-image-carousel-auto fusion-carousel-border\"><div class=\"fusion-carousel\" data-autoplay=\"no\" data-columns=\"6\" data-itemmargin=\"13\" data-itemwidth=\"180\" data-touchscroll=\"yes\" data-imagesize=\"auto\"><div class=\"fusion-carousel-positioner\"><ul class=\"fusion-carousel-holder\"><li class=\"fusion-carousel-item\"><div class=\"fusion-carousel-item-wrapper\"><div class=\"fusion-image-wrapper hover-type-zoomin\"><img decoding=\"async\" width=\"250\" height=\"375\" src=\"https:\/\/www.wingtsun-escrima.be\/site\/wp-content\/uploads\/2018\/05\/Kampsport_1.jpg\" class=\"attachment-full size-full\" alt=\"Kampsport_wingtsun-escrima1\" srcset=\"https:\/\/www.wingtsun-escrima.be\/site\/wp-content\/uploads\/2018\/05\/Kampsport_1-200x300.jpg 200w, https:\/\/www.wingtsun-escrima.be\/site\/wp-content\/uploads\/2018\/05\/Kampsport_1.jpg 250w\" sizes=\"(min-width: 2200px) 100vw, (min-width: 1100px) 203px, (min-width: 1008px) 243px, (min-width: 916px) 304px, (min-width: 824px) 405px, (min-width: 732px) 608px, (min-width: 640px) 732px, \" \/><\/div><\/div><\/li><li class=\"fusion-carousel-item\"><div class=\"fusion-carousel-item-wrapper\"><div class=\"fusion-image-wrapper hover-type-zoomin\"><img decoding=\"async\" width=\"250\" height=\"375\" src=\"https:\/\/www.wingtsun-escrima.be\/site\/wp-content\/uploads\/2018\/05\/Kampsport_2.jpg\" class=\"attachment-full size-full\" alt=\"Kampsport_wingtsun-escrima2\" srcset=\"https:\/\/www.wingtsun-escrima.be\/site\/wp-content\/uploads\/2018\/05\/Kampsport_2-200x300.jpg 200w, https:\/\/www.wingtsun-escrima.be\/site\/wp-content\/uploads\/2018\/05\/Kampsport_2.jpg 250w\" sizes=\"(min-width: 2200px) 100vw, (min-width: 1100px) 203px, (min-width: 1008px) 243px, (min-width: 916px) 304px, (min-width: 824px) 405px, (min-width: 732px) 608px, (min-width: 640px) 732px, \" \/><\/div><\/div><\/li><li class=\"fusion-carousel-item\"><div class=\"fusion-carousel-item-wrapper\"><div class=\"fusion-image-wrapper hover-type-zoomin\"><img decoding=\"async\" width=\"250\" height=\"375\" src=\"https:\/\/www.wingtsun-escrima.be\/site\/wp-content\/uploads\/2018\/05\/Kampsport_3.jpg\" class=\"attachment-full size-full\" alt=\"Kampsport_wingtsun-escrima3\" srcset=\"https:\/\/www.wingtsun-escrima.be\/site\/wp-content\/uploads\/2018\/05\/Kampsport_3-200x300.jpg 200w, https:\/\/www.wingtsun-escrima.be\/site\/wp-content\/uploads\/2018\/05\/Kampsport_3.jpg 250w\" sizes=\"(min-width: 2200px) 100vw, (min-width: 1100px) 203px, (min-width: 1008px) 243px, (min-width: 916px) 304px, (min-width: 824px) 405px, (min-width: 732px) 608px, (min-width: 640px) 732px, \" \/><\/div><\/div><\/li><li class=\"fusion-carousel-item\"><div class=\"fusion-carousel-item-wrapper\"><div class=\"fusion-image-wrapper hover-type-zoomin\"><img decoding=\"async\" width=\"250\" height=\"375\" src=\"https:\/\/www.wingtsun-escrima.be\/site\/wp-content\/uploads\/2018\/05\/Kampsport_4.jpg\" class=\"attachment-full size-full\" alt=\"Kampsport_wingtsun-escrima4\" srcset=\"https:\/\/www.wingtsun-escrima.be\/site\/wp-content\/uploads\/2018\/05\/Kampsport_4-200x300.jpg 200w, https:\/\/www.wingtsun-escrima.be\/site\/wp-content\/uploads\/2018\/05\/Kampsport_4.jpg 250w\" sizes=\"(min-width: 2200px) 100vw, (min-width: 1100px) 203px, (min-width: 1008px) 243px, (min-width: 916px) 304px, (min-width: 824px) 405px, (min-width: 732px) 608px, (min-width: 640px) 732px, \" \/><\/div><\/div><\/li><li class=\"fusion-carousel-item\"><div class=\"fusion-carousel-item-wrapper\"><div class=\"fusion-image-wrapper hover-type-zoomin\"><img decoding=\"async\" width=\"250\" height=\"375\" src=\"https:\/\/www.wingtsun-escrima.be\/site\/wp-content\/uploads\/2018\/05\/Kampsport_5.jpg\" class=\"attachment-full size-full\" alt=\"Kampsport_wingtsun-escrima5\" srcset=\"https:\/\/www.wingtsun-escrima.be\/site\/wp-content\/uploads\/2018\/05\/Kampsport_5-200x300.jpg 200w, https:\/\/www.wingtsun-escrima.be\/site\/wp-content\/uploads\/2018\/05\/Kampsport_5.jpg 250w\" sizes=\"(min-width: 2200px) 100vw, (min-width: 1100px) 203px, (min-width: 1008px) 243px, (min-width: 916px) 304px, (min-width: 824px) 405px, (min-width: 732px) 608px, (min-width: 640px) 732px, \" \/><\/div><\/div><\/li><li class=\"fusion-carousel-item\"><div class=\"fusion-carousel-item-wrapper\"><div class=\"fusion-image-wrapper hover-type-zoomin\"><img decoding=\"async\" width=\"250\" height=\"375\" src=\"https:\/\/www.wingtsun-escrima.be\/site\/wp-content\/uploads\/2018\/05\/Kampsport_6.jpg\" class=\"attachment-full size-full\" alt=\"\" srcset=\"https:\/\/www.wingtsun-escrima.be\/site\/wp-content\/uploads\/2018\/05\/Kampsport_6-200x300.jpg 200w, https:\/\/www.wingtsun-escrima.be\/site\/wp-content\/uploads\/2018\/05\/Kampsport_6.jpg 250w\" sizes=\"(min-width: 2200px) 100vw, (min-width: 1100px) 203px, (min-width: 1008px) 243px, (min-width: 916px) 304px, (min-width: 824px) 405px, (min-width: 732px) 608px, (min-width: 640px) 732px, \" \/><\/div><\/div><\/li><li class=\"fusion-carousel-item\"><div class=\"fusion-carousel-item-wrapper\"><div class=\"fusion-image-wrapper hover-type-zoomin\"><img decoding=\"async\" width=\"250\" height=\"375\" src=\"https:\/\/www.wingtsun-escrima.be\/site\/wp-content\/uploads\/2018\/05\/Kampsport_7.jpg\" class=\"attachment-full size-full\" alt=\"Kampsport_wingtsun-escrima7\" srcset=\"https:\/\/www.wingtsun-escrima.be\/site\/wp-content\/uploads\/2018\/05\/Kampsport_7-200x300.jpg 200w, https:\/\/www.wingtsun-escrima.be\/site\/wp-content\/uploads\/2018\/05\/Kampsport_7.jpg 250w\" sizes=\"(min-width: 2200px) 100vw, (min-width: 1100px) 203px, (min-width: 1008px) 243px, (min-width: 916px) 304px, (min-width: 824px) 405px, (min-width: 732px) 608px, (min-width: 640px) 732px, \" \/><\/div><\/div><\/li><li class=\"fusion-carousel-item\"><div class=\"fusion-carousel-item-wrapper\"><div class=\"fusion-image-wrapper hover-type-zoomin\"><img decoding=\"async\" width=\"250\" height=\"375\" src=\"https:\/\/www.wingtsun-escrima.be\/site\/wp-content\/uploads\/2018\/05\/Kampsport_8.jpg\" class=\"attachment-full size-full\" alt=\"Kampsport_wingtsun-escrima8\" srcset=\"https:\/\/www.wingtsun-escrima.be\/site\/wp-content\/uploads\/2018\/05\/Kampsport_8-200x300.jpg 200w, https:\/\/www.wingtsun-escrima.be\/site\/wp-content\/uploads\/2018\/05\/Kampsport_8.jpg 250w\" sizes=\"(min-width: 2200px) 100vw, (min-width: 1100px) 203px, (min-width: 1008px) 243px, (min-width: 916px) 304px, (min-width: 824px) 405px, (min-width: 732px) 608px, (min-width: 640px) 732px, \" \/><\/div><\/div><\/li><li class=\"fusion-carousel-item\"><div class=\"fusion-carousel-item-wrapper\"><div class=\"fusion-image-wrapper hover-type-zoomin\"><img decoding=\"async\" width=\"250\" height=\"375\" src=\"https:\/\/www.wingtsun-escrima.be\/site\/wp-content\/uploads\/2018\/05\/Kampsport_9.jpg\" class=\"attachment-full size-full\" alt=\"Kampsport_wingtsun-escrima9\" srcset=\"https:\/\/www.wingtsun-escrima.be\/site\/wp-content\/uploads\/2018\/05\/Kampsport_9-200x300.jpg 200w, https:\/\/www.wingtsun-escrima.be\/site\/wp-content\/uploads\/2018\/05\/Kampsport_9.jpg 250w\" sizes=\"(min-width: 2200px) 100vw, (min-width: 1100px) 203px, (min-width: 1008px) 243px, (min-width: 916px) 304px, (min-width: 824px) 405px, (min-width: 732px) 608px, (min-width: 640px) 732px, \" \/><\/div><\/div><\/li><li class=\"fusion-carousel-item\"><div class=\"fusion-carousel-item-wrapper\"><div class=\"fusion-image-wrapper hover-type-zoomin\"><img decoding=\"async\" width=\"250\" height=\"375\" src=\"https:\/\/www.wingtsun-escrima.be\/site\/wp-content\/uploads\/2018\/05\/Kampsport_10.jpg\" class=\"attachment-full size-full\" alt=\"Kampsport_wingtsun-escrima10\" srcset=\"https:\/\/www.wingtsun-escrima.be\/site\/wp-content\/uploads\/2018\/05\/Kampsport_10-200x300.jpg 200w, https:\/\/www.wingtsun-escrima.be\/site\/wp-content\/uploads\/2018\/05\/Kampsport_10.jpg 250w\" sizes=\"(min-width: 2200px) 100vw, (min-width: 1100px) 203px, (min-width: 1008px) 243px, (min-width: 916px) 304px, (min-width: 824px) 405px, (min-width: 732px) 608px, (min-width: 640px) 732px, \" \/><\/div><\/div><\/li><li class=\"fusion-carousel-item\"><div class=\"fusion-carousel-item-wrapper\"><div class=\"fusion-image-wrapper hover-type-zoomin\"><img decoding=\"async\" width=\"250\" height=\"375\" src=\"https:\/\/www.wingtsun-escrima.be\/site\/wp-content\/uploads\/2018\/05\/Kampsport_11.jpg\" class=\"attachment-full size-full\" alt=\"Kampsport_wingtsun-escrima11\" srcset=\"https:\/\/www.wingtsun-escrima.be\/site\/wp-content\/uploads\/2018\/05\/Kampsport_11-200x300.jpg 200w, https:\/\/www.wingtsun-escrima.be\/site\/wp-content\/uploads\/2018\/05\/Kampsport_11.jpg 250w\" sizes=\"(min-width: 2200px) 100vw, (min-width: 1100px) 203px, (min-width: 1008px) 243px, (min-width: 916px) 304px, (min-width: 824px) 405px, (min-width: 732px) 608px, (min-width: 640px) 732px, \" \/><\/div><\/div><\/li><li class=\"fusion-carousel-item\"><div class=\"fusion-carousel-item-wrapper\"><div class=\"fusion-image-wrapper hover-type-zoomin\"><img decoding=\"async\" width=\"250\" height=\"375\" src=\"https:\/\/www.wingtsun-escrima.be\/site\/wp-content\/uploads\/2018\/05\/Kampsport_12.jpg\" class=\"attachment-full size-full\" alt=\"Kampsport_wingtsun-escrima12\" srcset=\"https:\/\/www.wingtsun-escrima.be\/site\/wp-content\/uploads\/2018\/05\/Kampsport_12-200x300.jpg 200w, https:\/\/www.wingtsun-escrima.be\/site\/wp-content\/uploads\/2018\/05\/Kampsport_12.jpg 250w\" sizes=\"(min-width: 2200px) 100vw, (min-width: 1100px) 203px, (min-width: 1008px) 243px, (min-width: 916px) 304px, (min-width: 824px) 405px, (min-width: 732px) 608px, (min-width: 640px) 732px, \" \/><\/div><\/div><\/li><\/ul><div class=\"fusion-carousel-nav\"><span class=\"fusion-nav-prev\"><\/span><span class=\"fusion-nav-next\"><\/span><\/div><\/div><\/div><\/div><div class=\"fusion-clearfix\"><\/div><\/div><\/div><\/div><\/div>\n","protected":false},"excerpt":{"rendered":"","protected":false},"author":1,"featured_media":0,"parent":1955,"menu_order":33,"comment_status":"closed","ping_status":"closed","template":"","meta":{"footnotes":""},"class_list":["post-1957","page","type-page","status-publish","hentry"],"yoast_head":"<!-- This site is optimized with the Yoast SEO plugin v26.5 - https:\/\/yoast.com\/wordpress\/plugins\/seo\/ -->\n<title>Escrima f\u00fcr Erwachsene - Master Bill Newman - Philippe Roussel<\/title>\n<meta name=\"description\" content=\"Escrima f\u00fcr Erwachsene sieht von akrobatischen Bewegungen ab (Bewegungs\u00f6konomie). Tats\u00e4chlich sind die einfachsten Systeme die effektivsten.\" \/>\n<meta name=\"robots\" content=\"index, follow, max-snippet:-1, max-image-preview:large, max-video-preview:-1\" \/>\n<link rel=\"canonical\" href=\"https:\/\/www.wingtsun-escrima.be\/de\/newman-escrima\/escrima-fuer-erwachsene\/\" \/>\n<meta property=\"og:locale\" content=\"de_DE\" \/>\n<meta property=\"og:type\" content=\"article\" \/>\n<meta property=\"og:title\" content=\"Escrima f\u00fcr Erwachsene - Master Bill Newman - Philippe Roussel\" \/>\n<meta property=\"og:description\" content=\"Escrima f\u00fcr Erwachsene sieht von akrobatischen Bewegungen ab (Bewegungs\u00f6konomie). Tats\u00e4chlich sind die einfachsten Systeme die effektivsten.\" \/>\n<meta property=\"og:url\" content=\"https:\/\/www.wingtsun-escrima.be\/de\/newman-escrima\/escrima-fuer-erwachsene\/\" \/>\n<meta property=\"og:site_name\" content=\"WingTsun - Escrima\" \/>\n<meta property=\"article:publisher\" content=\"https:\/\/www.facebook.com\/wingtsun.liege\/\" \/>\n<meta property=\"article:modified_time\" content=\"2021-06-12T10:20:13+00:00\" \/>\n<meta name=\"twitter:card\" content=\"summary_large_image\" \/>\n<meta name=\"twitter:label1\" content=\"Gesch\u00e4tzte Lesezeit\" \/>\n\t<meta name=\"twitter:data1\" content=\"2\u00a0Minuten\" \/>\n<script type=\"application\/ld+json\" class=\"yoast-schema-graph\">{\"@context\":\"https:\/\/schema.org\",\"@graph\":[{\"@type\":\"WebPage\",\"@id\":\"https:\/\/www.wingtsun-escrima.be\/de\/newman-escrima\/escrima-fuer-erwachsene\/\",\"url\":\"https:\/\/www.wingtsun-escrima.be\/de\/newman-escrima\/escrima-fuer-erwachsene\/\",\"name\":\"Escrima f\u00fcr Erwachsene - Master Bill Newman - Philippe Roussel\",\"isPartOf\":{\"@id\":\"https:\/\/www.wingtsun-escrima.be\/#website\"},\"datePublished\":\"2018-04-18T12:23:36+00:00\",\"dateModified\":\"2021-06-12T10:20:13+00:00\",\"description\":\"Escrima f\u00fcr Erwachsene sieht von akrobatischen Bewegungen ab (Bewegungs\u00f6konomie). Tats\u00e4chlich sind die einfachsten Systeme die effektivsten.\",\"breadcrumb\":{\"@id\":\"https:\/\/www.wingtsun-escrima.be\/de\/newman-escrima\/escrima-fuer-erwachsene\/#breadcrumb\"},\"inLanguage\":\"de\",\"potentialAction\":[{\"@type\":\"ReadAction\",\"target\":[\"https:\/\/www.wingtsun-escrima.be\/de\/newman-escrima\/escrima-fuer-erwachsene\/\"]}]},{\"@type\":\"BreadcrumbList\",\"@id\":\"https:\/\/www.wingtsun-escrima.be\/de\/newman-escrima\/escrima-fuer-erwachsene\/#breadcrumb\",\"itemListElement\":[{\"@type\":\"ListItem\",\"position\":1,\"name\":\"Startseite\",\"item\":\"https:\/\/www.wingtsun-escrima.be\/de\/\"},{\"@type\":\"ListItem\",\"position\":2,\"name\":\"Newman Escrima\",\"item\":\"https:\/\/www.wingtsun-escrima.be\/de\/newman-escrima\/\"},{\"@type\":\"ListItem\",\"position\":3,\"name\":\"Escrima f\u00fcr Erwachsene\"}]},{\"@type\":\"WebSite\",\"@id\":\"https:\/\/www.wingtsun-escrima.be\/#website\",\"url\":\"https:\/\/www.wingtsun-escrima.be\/\",\"name\":\"WingTsun - Escrima\",\"description\":\"\",\"publisher\":{\"@id\":\"https:\/\/www.wingtsun-escrima.be\/#organization\"},\"potentialAction\":[{\"@type\":\"SearchAction\",\"target\":{\"@type\":\"EntryPoint\",\"urlTemplate\":\"https:\/\/www.wingtsun-escrima.be\/?s={search_term_string}\"},\"query-input\":{\"@type\":\"PropertyValueSpecification\",\"valueRequired\":true,\"valueName\":\"search_term_string\"}}],\"inLanguage\":\"de\"},{\"@type\":\"Organization\",\"@id\":\"https:\/\/www.wingtsun-escrima.be\/#organization\",\"name\":\"Organisation wallonne de WingTsun\",\"url\":\"https:\/\/www.wingtsun-escrima.be\/\",\"logo\":{\"@type\":\"ImageObject\",\"inLanguage\":\"de\",\"@id\":\"https:\/\/www.wingtsun-escrima.be\/#\/schema\/logo\/image\/\",\"url\":\"https:\/\/www.wingtsun-escrima.be\/site\/wp-content\/uploads\/2018\/05\/wingtsun-Logo-Retina-2.png\",\"contentUrl\":\"https:\/\/www.wingtsun-escrima.be\/site\/wp-content\/uploads\/2018\/05\/wingtsun-Logo-Retina-2.png\",\"width\":528,\"height\":160,\"caption\":\"Organisation wallonne de WingTsun\"},\"image\":{\"@id\":\"https:\/\/www.wingtsun-escrima.be\/#\/schema\/logo\/image\/\"},\"sameAs\":[\"https:\/\/www.facebook.com\/wingtsun.liege\/\",\"https:\/\/www.youtube.com\/user\/wingtsunwelt\"]}]}<\/script>\n<!-- \/ Yoast SEO plugin. -->","yoast_head_json":{"title":"Escrima f\u00fcr Erwachsene - Master Bill Newman - Philippe Roussel","description":"Escrima f\u00fcr Erwachsene sieht von akrobatischen Bewegungen ab (Bewegungs\u00f6konomie). Tats\u00e4chlich sind die einfachsten Systeme die effektivsten.","robots":{"index":"index","follow":"follow","max-snippet":"max-snippet:-1","max-image-preview":"max-image-preview:large","max-video-preview":"max-video-preview:-1"},"canonical":"https:\/\/www.wingtsun-escrima.be\/de\/newman-escrima\/escrima-fuer-erwachsene\/","og_locale":"de_DE","og_type":"article","og_title":"Escrima f\u00fcr Erwachsene - Master Bill Newman - Philippe Roussel","og_description":"Escrima f\u00fcr Erwachsene sieht von akrobatischen Bewegungen ab (Bewegungs\u00f6konomie). Tats\u00e4chlich sind die einfachsten Systeme die effektivsten.","og_url":"https:\/\/www.wingtsun-escrima.be\/de\/newman-escrima\/escrima-fuer-erwachsene\/","og_site_name":"WingTsun - Escrima","article_publisher":"https:\/\/www.facebook.com\/wingtsun.liege\/","article_modified_time":"2021-06-12T10:20:13+00:00","twitter_card":"summary_large_image","twitter_misc":{"Gesch\u00e4tzte Lesezeit":"2\u00a0Minuten"},"schema":{"@context":"https:\/\/schema.org","@graph":[{"@type":"WebPage","@id":"https:\/\/www.wingtsun-escrima.be\/de\/newman-escrima\/escrima-fuer-erwachsene\/","url":"https:\/\/www.wingtsun-escrima.be\/de\/newman-escrima\/escrima-fuer-erwachsene\/","name":"Escrima f\u00fcr Erwachsene - Master Bill Newman - Philippe Roussel","isPartOf":{"@id":"https:\/\/www.wingtsun-escrima.be\/#website"},"datePublished":"2018-04-18T12:23:36+00:00","dateModified":"2021-06-12T10:20:13+00:00","description":"Escrima f\u00fcr Erwachsene sieht von akrobatischen Bewegungen ab (Bewegungs\u00f6konomie). Tats\u00e4chlich sind die einfachsten Systeme die effektivsten.","breadcrumb":{"@id":"https:\/\/www.wingtsun-escrima.be\/de\/newman-escrima\/escrima-fuer-erwachsene\/#breadcrumb"},"inLanguage":"de","potentialAction":[{"@type":"ReadAction","target":["https:\/\/www.wingtsun-escrima.be\/de\/newman-escrima\/escrima-fuer-erwachsene\/"]}]},{"@type":"BreadcrumbList","@id":"https:\/\/www.wingtsun-escrima.be\/de\/newman-escrima\/escrima-fuer-erwachsene\/#breadcrumb","itemListElement":[{"@type":"ListItem","position":1,"name":"Startseite","item":"https:\/\/www.wingtsun-escrima.be\/de\/"},{"@type":"ListItem","position":2,"name":"Newman Escrima","item":"https:\/\/www.wingtsun-escrima.be\/de\/newman-escrima\/"},{"@type":"ListItem","position":3,"name":"Escrima f\u00fcr Erwachsene"}]},{"@type":"WebSite","@id":"https:\/\/www.wingtsun-escrima.be\/#website","url":"https:\/\/www.wingtsun-escrima.be\/","name":"WingTsun - Escrima","description":"","publisher":{"@id":"https:\/\/www.wingtsun-escrima.be\/#organization"},"potentialAction":[{"@type":"SearchAction","target":{"@type":"EntryPoint","urlTemplate":"https:\/\/www.wingtsun-escrima.be\/?s={search_term_string}"},"query-input":{"@type":"PropertyValueSpecification","valueRequired":true,"valueName":"search_term_string"}}],"inLanguage":"de"},{"@type":"Organization","@id":"https:\/\/www.wingtsun-escrima.be\/#organization","name":"Organisation wallonne de WingTsun","url":"https:\/\/www.wingtsun-escrima.be\/","logo":{"@type":"ImageObject","inLanguage":"de","@id":"https:\/\/www.wingtsun-escrima.be\/#\/schema\/logo\/image\/","url":"https:\/\/www.wingtsun-escrima.be\/site\/wp-content\/uploads\/2018\/05\/wingtsun-Logo-Retina-2.png","contentUrl":"https:\/\/www.wingtsun-escrima.be\/site\/wp-content\/uploads\/2018\/05\/wingtsun-Logo-Retina-2.png","width":528,"height":160,"caption":"Organisation wallonne de WingTsun"},"image":{"@id":"https:\/\/www.wingtsun-escrima.be\/#\/schema\/logo\/image\/"},"sameAs":["https:\/\/www.facebook.com\/wingtsun.liege\/","https:\/\/www.youtube.com\/user\/wingtsunwelt"]}]}},"_links":{"self":[{"href":"https:\/\/www.wingtsun-escrima.be\/de\/wp-json\/wp\/v2\/pages\/1957","targetHints":{"allow":["GET"]}}],"collection":[{"href":"https:\/\/www.wingtsun-escrima.be\/de\/wp-json\/wp\/v2\/pages"}],"about":[{"href":"https:\/\/www.wingtsun-escrima.be\/de\/wp-json\/wp\/v2\/types\/page"}],"author":[{"embeddable":true,"href":"https:\/\/www.wingtsun-escrima.be\/de\/wp-json\/wp\/v2\/users\/1"}],"replies":[{"embeddable":true,"href":"https:\/\/www.wingtsun-escrima.be\/de\/wp-json\/wp\/v2\/comments?post=1957"}],"version-history":[{"count":0,"href":"https:\/\/www.wingtsun-escrima.be\/de\/wp-json\/wp\/v2\/pages\/1957\/revisions"}],"up":[{"embeddable":true,"href":"https:\/\/www.wingtsun-escrima.be\/de\/wp-json\/wp\/v2\/pages\/1955"}],"wp:attachment":[{"href":"https:\/\/www.wingtsun-escrima.be\/de\/wp-json\/wp\/v2\/media?parent=1957"}],"curies":[{"name":"wp","href":"https:\/\/api.w.org\/{rel}","templated":true}]}}