{"id":1952,"date":"2018-04-18T14:21:17","date_gmt":"2018-04-18T12:21:17","guid":{"rendered":"http:\/\/www.wingtsun-escrima.be\/SITE2018\/site\/?page_id=1952"},"modified":"2021-06-12T13:00:06","modified_gmt":"2021-06-12T11:00:06","slug":"aus-china","status":"publish","type":"page","link":"https:\/\/www.wingtsun-escrima.be\/de\/wingtsun\/aus-china\/","title":{"rendered":"Aus China"},"content":{"rendered":"<div class=\"fusion-fullwidth fullwidth-box fusion-builder-row-1 nonhundred-percent-fullwidth non-hundred-percent-height-scrolling\" style=\"background-color: rgba(255,255,255,0);background-position: center center;background-repeat: no-repeat;padding-top:0px;padding-right:0px;padding-bottom:0px;padding-left:0px;margin-bottom: 0px;margin-top: 0px;border-width: 0px 0px 0px 0px;border-color:#e7e4e2;border-style:solid;\" ><div class=\"fusion-builder-row fusion-row\"><div class=\"fusion-layout-column fusion_builder_column fusion-builder-column-0 fusion_builder_column_1_1 1_1 fusion-one-full fusion-column-first fusion-column-last fusion-animated\" style=\"margin-top:10px;margin-bottom:10px;\" data-animationType=\"fadeInDown\" data-animationDuration=\"1.0\" data-animationOffset=\"100%\"><div class=\"fusion-column-wrapper fusion-flex-column-wrapper-legacy\" style=\"background-position:left top;background-repeat:no-repeat;-webkit-background-size:cover;-moz-background-size:cover;-o-background-size:cover;background-size:cover;padding: 0px 0px 0px 0px;\"><style type=\"text\/css\"><\/style><div class=\"fusion-title title fusion-title-1 fusion-sep-none fusion-title-text fusion-title-size-one\" style=\"margin-top:0px;margin-right:0px;margin-bottom:10px;margin-left:0px;\"><h1 class=\"title-heading-left\" style=\"margin:0;\">Yip Man und Leung Ting<\/h1><\/div><div class=\"fusion-clearfix\"><\/div><\/div><\/div><div class=\"fusion-layout-column fusion_builder_column fusion-builder-column-1 fusion_builder_column_1_1 1_1 fusion-one-full fusion-column-first fusion-column-last fusion-animated\" style=\"margin-top:10px;margin-bottom:10px;\" data-animationType=\"fadeInLeft\" data-animationDuration=\"1.0\" data-animationOffset=\"100%\"><div class=\"fusion-column-wrapper fusion-flex-column-wrapper-legacy\" style=\"background-position:left top;background-repeat:no-repeat;-webkit-background-size:cover;-moz-background-size:cover;-o-background-size:cover;background-size:cover;padding: 0px 0px 0px 0px;\"><div class=\"fusion-text fusion-text-1\"><h2>China<\/h2>\n<p>Nachdem das Shaolin-Kloster in China zerst\u00f6rt wurde, lie\u00df sich die buddhistische Meisterin Ng Mui im Tempel des wei\u00dfen Kranichs am Hang des Tai-Leung-Berges nieder. Dort machte sie Bekanntschaft mit Yim Yee sowie seiner Tochter Yim WingTsun, bei denen sie auf dem Heimweg oft einzukaufen pflegte. Durch die Sch\u00f6nheit der jungen Yim WingTsun wurde ein stadtbekannter Schl\u00e4ger angelockt, der sie unter Androhung von Gewalt zwingen wollte, ihn zu heiraten. Als Ng Mui davon h\u00f6rte, hatte sie Mitleid mit WingTsun und nahm sie als Sch\u00fclerin auf. Sie versprach ihr die Kunst des K\u00e4mpfens beizubringen, damit sie sich selbst des Schl\u00e4gers entledigen konnte. Als sie die Techniken, die ihr Ng Mui beibrachte, meisterte, forderte sie den Schl\u00e4ger zum Kampf auf und besiegte ihn.<\/p>\n<p>Nach der Hochzeit gab Yim WingTsun das System dann an ihren Ehemann weiter, der wiederum Leung Lan Kwai unterrichtete. Dieser brachte diese Kunst dann Wong Wah Bo bei, einem Mitglied einer Operntruppe an Bord einer roten Dschunke. Unter den Kameraden von Wong Wah Bo auf der Roten Dschunke gab es einen gewissen Leung Yee Tei, der wiederum diesen Kampfstil vollst\u00e4ndig erlernte. Er unterrichtete dann Leung Jan, einen Arzt aus Fatshan. Leung Jan lernte alle Geheimnisse dieser Kunst und erreichte den h\u00f6chsten Grad an Perfektion. Herausforderer von Nah und Fern, alle wurden besiegt.<\/p>\n<p>Dieser gab sp\u00e4ter seine Techniken an Chan Wah Shun weiter, der u. a. Yip Man \u2013 den letzten Gro\u00dfmeister aller WingTsun-Stile \u2013 unterrichtete.<\/p>\n<\/div><div class=\"fusion-clearfix\"><\/div><\/div><\/div><div class=\"fusion-layout-column fusion_builder_column fusion-builder-column-2 fusion_builder_column_2_3 2_3 fusion-two-third fusion-column-first fusion-animated\" style=\"width:66.666666666667%;width:calc(66.666666666667% - ( ( 4% ) * 0.66666666666667 ) );margin-right: 4%;margin-top:10px;margin-bottom:10px;\" data-animationType=\"fadeInLeft\" data-animationDuration=\"1.0\" data-animationOffset=\"100%\"><div class=\"fusion-column-wrapper fusion-flex-column-wrapper-legacy\" style=\"background-position:left top;background-repeat:no-repeat;-webkit-background-size:cover;-moz-background-size:cover;-o-background-size:cover;background-size:cover;padding: 0px 0px 0px 0px;\"><div class=\"fusion-text fusion-text-2\"><h2>Yip Man<\/h2>\n<p>Der letzte Gro\u00dfmeister aller Wing-Tsun-Stile<\/p>\n<p>Yip Man, das Oberhaupt des\u00a0WingTsun-Stils, galt nicht nur unter seinen Anh\u00e4ngern, sondern \u00fcber die Kampstile hinaus als Gro\u00dfmeister. Yip Man hatte wenig \u00fcbrig f\u00fcr die Eitelkeiten dieser Welt. An Ruhm und Reichtum lag ihm nichts. Auch fehlte ihm das r\u00fcde und menschenverachtende Auftreten, das so manche Kung-Fu-Leute pflegen. Wer das Gl\u00fcck hatte, Yip Man kennenzulernen, f\u00fchlte sich in seiner Gesellschaft sofort entspannt und wie zu Hause. Seine Herzlichkeit, Aufrichtigkeit und Gastfreundschaft wurden in allen Handlungen offenbar. Seine Unterhaltungen im Fatshan-Dialekt spiegelten sein sorgloses und freundliches Naturell. Man k\u00f6nnte ihn wahrscheinlich als Gentleman und Gelehrten bezeichnen.<\/p>\n<\/div><div class=\"fusion-clearfix\"><\/div><\/div><\/div><div class=\"fusion-layout-column fusion_builder_column fusion-builder-column-3 fusion_builder_column_1_3 1_3 fusion-one-third fusion-column-last fusion-animated\" style=\"width:33.333333333333%;width:calc(33.333333333333% - ( ( 4% ) * 0.33333333333333 ) );margin-top:10px;margin-bottom:10px;\" data-animationType=\"fadeInRight\" data-animationDuration=\"1.0\" data-animationOffset=\"100%\"><div class=\"fusion-column-wrapper fusion-flex-column-wrapper-legacy\" style=\"background-position:left top;background-repeat:no-repeat;-webkit-background-size:cover;-moz-background-size:cover;-o-background-size:cover;background-size:cover;padding: 0px 0px 0px 0px;\"><span class=\" fusion-imageframe imageframe-none imageframe-1 hover-type-zoomin\" style=\"border:4px solid #b7b7b7;\"><img decoding=\"async\" width=\"500\" height=\"500\" alt=\"Yip-Man\" title=\"Yip-Man\" src=\"http:\/\/www.wingtsun-escrima.be\/site\/wp-content\/uploads\/2018\/04\/Yip-Man.jpg\" class=\"img-responsive wp-image-2005\" srcset=\"https:\/\/www.wingtsun-escrima.be\/site\/wp-content\/uploads\/2018\/04\/Yip-Man-200x200.jpg 200w, https:\/\/www.wingtsun-escrima.be\/site\/wp-content\/uploads\/2018\/04\/Yip-Man-400x400.jpg 400w, https:\/\/www.wingtsun-escrima.be\/site\/wp-content\/uploads\/2018\/04\/Yip-Man.jpg 500w\" sizes=\"(max-width: 1000px) 100vw, 500px\" \/><\/span><div class=\"fusion-clearfix\"><\/div><\/div><\/div><div class=\"fusion-layout-column fusion_builder_column fusion-builder-column-4 fusion_builder_column_2_3 2_3 fusion-two-third fusion-column-first fusion-animated\" style=\"width:66.666666666667%;width:calc(66.666666666667% - ( ( 4% ) * 0.66666666666667 ) );margin-right: 4%;margin-top:10px;margin-bottom:10px;\" data-animationType=\"fadeInLeft\" data-animationDuration=\"1.0\" data-animationOffset=\"100%\"><div class=\"fusion-column-wrapper fusion-flex-column-wrapper-legacy\" style=\"background-position:left top;background-repeat:no-repeat;-webkit-background-size:cover;-moz-background-size:cover;-o-background-size:cover;background-size:cover;padding: 0px 0px 0px 0px;\"><div class=\"fusion-text fusion-text-3\"><h2>Leung Ting<\/h2>\n<p>Leung Ting war der letzte Sch\u00fcler von Gro\u00dfmeister Yip Man. Er wurde als direkter Sch\u00fcler angenommen, als die Schule von Yip Man bereits geschlossen war und dieser sich vom Unterrichten zur\u00fcckgezogen hatte. Somit wird Leung Ting heute als der sog. <em>closed-door student<\/em> bezeichnet.<\/p>\n<p>SiJo Leung Ting er\u00f6ffnete seine erste Schule 1970 in Hongkong, aus der sp\u00e4ter sein eigener Verband, die International WingTsun Association (IWTA) hervorging.<\/p>\n<p>Mehr Infos hierzu findest Du hier: <a href=\"http:\/\/www.leungting.com\" target=\"_blank\" rel=\"noopener\">www.leungting.com<\/a><\/p>\n<\/div><div class=\"fusion-clearfix\"><\/div><\/div><\/div><div class=\"fusion-layout-column fusion_builder_column fusion-builder-column-5 fusion_builder_column_1_3 1_3 fusion-one-third fusion-column-last fusion-animated\" style=\"width:33.333333333333%;width:calc(33.333333333333% - ( ( 4% ) * 0.33333333333333 ) );margin-top:10px;margin-bottom:10px;\" data-animationType=\"fadeInRight\" data-animationDuration=\"1.0\" data-animationOffset=\"100%\"><div class=\"fusion-column-wrapper fusion-flex-column-wrapper-legacy\" style=\"background-position:left top;background-repeat:no-repeat;-webkit-background-size:cover;-moz-background-size:cover;-o-background-size:cover;background-size:cover;padding: 0px 0px 0px 0px;\"><span class=\" fusion-imageframe imageframe-none imageframe-2 hover-type-zoomin\" style=\"border:4px solid #b7b7b7;\"><img decoding=\"async\" width=\"500\" height=\"500\" alt=\"Leung-Ting\" title=\"Leung-Ting\" src=\"http:\/\/www.wingtsun-escrima.be\/site\/wp-content\/uploads\/2018\/04\/Leung-Ting.jpg\" class=\"img-responsive wp-image-2006\" srcset=\"https:\/\/www.wingtsun-escrima.be\/site\/wp-content\/uploads\/2018\/04\/Leung-Ting-200x200.jpg 200w, https:\/\/www.wingtsun-escrima.be\/site\/wp-content\/uploads\/2018\/04\/Leung-Ting-400x400.jpg 400w, https:\/\/www.wingtsun-escrima.be\/site\/wp-content\/uploads\/2018\/04\/Leung-Ting.jpg 500w\" sizes=\"(max-width: 1000px) 100vw, 500px\" \/><\/span><div class=\"fusion-clearfix\"><\/div><\/div><\/div><\/div><\/div>\n","protected":false},"excerpt":{"rendered":"","protected":false},"author":1,"featured_media":0,"parent":1945,"menu_order":42,"comment_status":"closed","ping_status":"closed","template":"","meta":{"footnotes":""},"class_list":["post-1952","page","type-page","status-publish","hentry"],"yoast_head":"<!-- This site is optimized with the Yoast SEO plugin v26.5 - https:\/\/yoast.com\/wordpress\/plugins\/seo\/ -->\n<title>Yip Man &gt; Leung Ting &gt; Kernspecht &gt; Michael Schwarz &gt; Philippe Roussel<\/title>\n<meta name=\"description\" content=\"Yip Man, das Oberhaupt des WingTsun-Stils, galt nicht nur unter seinen Anh\u00e4ngern, sondern \u00fcber die Kampstile hinaus als Gro\u00dfmeister.\" \/>\n<meta name=\"robots\" content=\"index, follow, max-snippet:-1, max-image-preview:large, max-video-preview:-1\" \/>\n<link rel=\"canonical\" href=\"https:\/\/www.wingtsun-escrima.be\/de\/wingtsun\/aus-china\/\" \/>\n<meta property=\"og:locale\" content=\"de_DE\" \/>\n<meta property=\"og:type\" content=\"article\" \/>\n<meta property=\"og:title\" content=\"Yip Man &gt; Leung Ting &gt; Kernspecht &gt; Michael Schwarz &gt; Philippe Roussel\" \/>\n<meta property=\"og:description\" content=\"Yip Man, das Oberhaupt des WingTsun-Stils, galt nicht nur unter seinen Anh\u00e4ngern, sondern \u00fcber die Kampstile hinaus als Gro\u00dfmeister.\" \/>\n<meta property=\"og:url\" content=\"https:\/\/www.wingtsun-escrima.be\/de\/wingtsun\/aus-china\/\" \/>\n<meta property=\"og:site_name\" content=\"WingTsun - Escrima\" \/>\n<meta property=\"article:publisher\" content=\"https:\/\/www.facebook.com\/wingtsun.liege\/\" \/>\n<meta property=\"article:modified_time\" content=\"2021-06-12T11:00:06+00:00\" \/>\n<meta name=\"twitter:card\" content=\"summary_large_image\" \/>\n<meta name=\"twitter:label1\" content=\"Gesch\u00e4tzte Lesezeit\" \/>\n\t<meta name=\"twitter:data1\" content=\"4\u00a0Minuten\" \/>\n<script type=\"application\/ld+json\" class=\"yoast-schema-graph\">{\"@context\":\"https:\/\/schema.org\",\"@graph\":[{\"@type\":\"WebPage\",\"@id\":\"https:\/\/www.wingtsun-escrima.be\/de\/wingtsun\/aus-china\/\",\"url\":\"https:\/\/www.wingtsun-escrima.be\/de\/wingtsun\/aus-china\/\",\"name\":\"Yip Man > Leung Ting > Kernspecht > Michael Schwarz > Philippe Roussel\",\"isPartOf\":{\"@id\":\"https:\/\/www.wingtsun-escrima.be\/#website\"},\"datePublished\":\"2018-04-18T12:21:17+00:00\",\"dateModified\":\"2021-06-12T11:00:06+00:00\",\"description\":\"Yip Man, das Oberhaupt des WingTsun-Stils, galt nicht nur unter seinen Anh\u00e4ngern, sondern \u00fcber die Kampstile hinaus als Gro\u00dfmeister.\",\"breadcrumb\":{\"@id\":\"https:\/\/www.wingtsun-escrima.be\/de\/wingtsun\/aus-china\/#breadcrumb\"},\"inLanguage\":\"de\",\"potentialAction\":[{\"@type\":\"ReadAction\",\"target\":[\"https:\/\/www.wingtsun-escrima.be\/de\/wingtsun\/aus-china\/\"]}]},{\"@type\":\"BreadcrumbList\",\"@id\":\"https:\/\/www.wingtsun-escrima.be\/de\/wingtsun\/aus-china\/#breadcrumb\",\"itemListElement\":[{\"@type\":\"ListItem\",\"position\":1,\"name\":\"Startseite\",\"item\":\"https:\/\/www.wingtsun-escrima.be\/de\/\"},{\"@type\":\"ListItem\",\"position\":2,\"name\":\"WingTsun\",\"item\":\"https:\/\/www.wingtsun-escrima.be\/de\/wingtsun\/\"},{\"@type\":\"ListItem\",\"position\":3,\"name\":\"Aus China\"}]},{\"@type\":\"WebSite\",\"@id\":\"https:\/\/www.wingtsun-escrima.be\/#website\",\"url\":\"https:\/\/www.wingtsun-escrima.be\/\",\"name\":\"WingTsun - Escrima\",\"description\":\"\",\"publisher\":{\"@id\":\"https:\/\/www.wingtsun-escrima.be\/#organization\"},\"potentialAction\":[{\"@type\":\"SearchAction\",\"target\":{\"@type\":\"EntryPoint\",\"urlTemplate\":\"https:\/\/www.wingtsun-escrima.be\/?s={search_term_string}\"},\"query-input\":{\"@type\":\"PropertyValueSpecification\",\"valueRequired\":true,\"valueName\":\"search_term_string\"}}],\"inLanguage\":\"de\"},{\"@type\":\"Organization\",\"@id\":\"https:\/\/www.wingtsun-escrima.be\/#organization\",\"name\":\"Organisation wallonne de WingTsun\",\"url\":\"https:\/\/www.wingtsun-escrima.be\/\",\"logo\":{\"@type\":\"ImageObject\",\"inLanguage\":\"de\",\"@id\":\"https:\/\/www.wingtsun-escrima.be\/#\/schema\/logo\/image\/\",\"url\":\"https:\/\/www.wingtsun-escrima.be\/site\/wp-content\/uploads\/2018\/05\/wingtsun-Logo-Retina-2.png\",\"contentUrl\":\"https:\/\/www.wingtsun-escrima.be\/site\/wp-content\/uploads\/2018\/05\/wingtsun-Logo-Retina-2.png\",\"width\":528,\"height\":160,\"caption\":\"Organisation wallonne de WingTsun\"},\"image\":{\"@id\":\"https:\/\/www.wingtsun-escrima.be\/#\/schema\/logo\/image\/\"},\"sameAs\":[\"https:\/\/www.facebook.com\/wingtsun.liege\/\",\"https:\/\/www.youtube.com\/user\/wingtsunwelt\"]}]}<\/script>\n<!-- \/ Yoast SEO plugin. -->","yoast_head_json":{"title":"Yip Man > Leung Ting > Kernspecht > Michael Schwarz > Philippe Roussel","description":"Yip Man, das Oberhaupt des WingTsun-Stils, galt nicht nur unter seinen Anh\u00e4ngern, sondern \u00fcber die Kampstile hinaus als Gro\u00dfmeister.","robots":{"index":"index","follow":"follow","max-snippet":"max-snippet:-1","max-image-preview":"max-image-preview:large","max-video-preview":"max-video-preview:-1"},"canonical":"https:\/\/www.wingtsun-escrima.be\/de\/wingtsun\/aus-china\/","og_locale":"de_DE","og_type":"article","og_title":"Yip Man > Leung Ting > Kernspecht > Michael Schwarz > Philippe Roussel","og_description":"Yip Man, das Oberhaupt des WingTsun-Stils, galt nicht nur unter seinen Anh\u00e4ngern, sondern \u00fcber die Kampstile hinaus als Gro\u00dfmeister.","og_url":"https:\/\/www.wingtsun-escrima.be\/de\/wingtsun\/aus-china\/","og_site_name":"WingTsun - Escrima","article_publisher":"https:\/\/www.facebook.com\/wingtsun.liege\/","article_modified_time":"2021-06-12T11:00:06+00:00","twitter_card":"summary_large_image","twitter_misc":{"Gesch\u00e4tzte Lesezeit":"4\u00a0Minuten"},"schema":{"@context":"https:\/\/schema.org","@graph":[{"@type":"WebPage","@id":"https:\/\/www.wingtsun-escrima.be\/de\/wingtsun\/aus-china\/","url":"https:\/\/www.wingtsun-escrima.be\/de\/wingtsun\/aus-china\/","name":"Yip Man > Leung Ting > Kernspecht > Michael Schwarz > Philippe Roussel","isPartOf":{"@id":"https:\/\/www.wingtsun-escrima.be\/#website"},"datePublished":"2018-04-18T12:21:17+00:00","dateModified":"2021-06-12T11:00:06+00:00","description":"Yip Man, das Oberhaupt des WingTsun-Stils, galt nicht nur unter seinen Anh\u00e4ngern, sondern \u00fcber die Kampstile hinaus als Gro\u00dfmeister.","breadcrumb":{"@id":"https:\/\/www.wingtsun-escrima.be\/de\/wingtsun\/aus-china\/#breadcrumb"},"inLanguage":"de","potentialAction":[{"@type":"ReadAction","target":["https:\/\/www.wingtsun-escrima.be\/de\/wingtsun\/aus-china\/"]}]},{"@type":"BreadcrumbList","@id":"https:\/\/www.wingtsun-escrima.be\/de\/wingtsun\/aus-china\/#breadcrumb","itemListElement":[{"@type":"ListItem","position":1,"name":"Startseite","item":"https:\/\/www.wingtsun-escrima.be\/de\/"},{"@type":"ListItem","position":2,"name":"WingTsun","item":"https:\/\/www.wingtsun-escrima.be\/de\/wingtsun\/"},{"@type":"ListItem","position":3,"name":"Aus China"}]},{"@type":"WebSite","@id":"https:\/\/www.wingtsun-escrima.be\/#website","url":"https:\/\/www.wingtsun-escrima.be\/","name":"WingTsun - Escrima","description":"","publisher":{"@id":"https:\/\/www.wingtsun-escrima.be\/#organization"},"potentialAction":[{"@type":"SearchAction","target":{"@type":"EntryPoint","urlTemplate":"https:\/\/www.wingtsun-escrima.be\/?s={search_term_string}"},"query-input":{"@type":"PropertyValueSpecification","valueRequired":true,"valueName":"search_term_string"}}],"inLanguage":"de"},{"@type":"Organization","@id":"https:\/\/www.wingtsun-escrima.be\/#organization","name":"Organisation wallonne de WingTsun","url":"https:\/\/www.wingtsun-escrima.be\/","logo":{"@type":"ImageObject","inLanguage":"de","@id":"https:\/\/www.wingtsun-escrima.be\/#\/schema\/logo\/image\/","url":"https:\/\/www.wingtsun-escrima.be\/site\/wp-content\/uploads\/2018\/05\/wingtsun-Logo-Retina-2.png","contentUrl":"https:\/\/www.wingtsun-escrima.be\/site\/wp-content\/uploads\/2018\/05\/wingtsun-Logo-Retina-2.png","width":528,"height":160,"caption":"Organisation wallonne de WingTsun"},"image":{"@id":"https:\/\/www.wingtsun-escrima.be\/#\/schema\/logo\/image\/"},"sameAs":["https:\/\/www.facebook.com\/wingtsun.liege\/","https:\/\/www.youtube.com\/user\/wingtsunwelt"]}]}},"_links":{"self":[{"href":"https:\/\/www.wingtsun-escrima.be\/de\/wp-json\/wp\/v2\/pages\/1952","targetHints":{"allow":["GET"]}}],"collection":[{"href":"https:\/\/www.wingtsun-escrima.be\/de\/wp-json\/wp\/v2\/pages"}],"about":[{"href":"https:\/\/www.wingtsun-escrima.be\/de\/wp-json\/wp\/v2\/types\/page"}],"author":[{"embeddable":true,"href":"https:\/\/www.wingtsun-escrima.be\/de\/wp-json\/wp\/v2\/users\/1"}],"replies":[{"embeddable":true,"href":"https:\/\/www.wingtsun-escrima.be\/de\/wp-json\/wp\/v2\/comments?post=1952"}],"version-history":[{"count":0,"href":"https:\/\/www.wingtsun-escrima.be\/de\/wp-json\/wp\/v2\/pages\/1952\/revisions"}],"up":[{"embeddable":true,"href":"https:\/\/www.wingtsun-escrima.be\/de\/wp-json\/wp\/v2\/pages\/1945"}],"wp:attachment":[{"href":"https:\/\/www.wingtsun-escrima.be\/de\/wp-json\/wp\/v2\/media?parent=1952"}],"curies":[{"name":"wp","href":"https:\/\/api.w.org\/{rel}","templated":true}]}}